{"id":157,"date":"2017-11-11T15:02:49","date_gmt":"2017-11-11T15:02:49","guid":{"rendered":"https:\/\/www.signum.cat\/?page_id=157"},"modified":"2021-01-25T11:58:26","modified_gmt":"2021-01-25T10:58:26","slug":"avis-legal","status":"publish","type":"page","link":"https:\/\/www.signum.cat\/ca\/avis-legal\/","title":{"rendered":"Av\u00eds Legal"},"content":{"rendered":"\n<h2 class=\"wp-block-heading\">Av\u00eds legal<\/h2>\n\n\n\n<p>En compliment amb el deure d&#8217;informaci\u00f3 recollit en article 10 de la Llei 34\/2002, d&#8217;11 de Juliol, de Serveis de la Societat de la Informaci\u00f3 i del Comer\u00e7 Electr\u00f2nic, l&#8217;informem que el Lloc web i el portal d&#8217;Internet Signum 2008 SL (d&#8217;ara endavant, el &#8220;Lloc web&#8221;) \u00e9s titularitat de Signum 2008 SL, amb domicili social en Carrer de Ribes 72-44 &#8211; 08013 Barcelona amb CIF n\u00fam. B64964364. El present av\u00eds legal regula les condicions d&#8217;\u00fas del citat portal d&#8217;Internet.<\/p>\n\n\n\n<p><strong>Llei aplicable i jurisdicci\u00f3<br><\/strong><br>Amb car\u00e0cter general les relacions entre Signum 2008 SL i els usuaris dels seus serveis telem\u00e0tics, presents en la web, es troben sotmeses a la legislaci\u00f3 i jurisdicci\u00f3 espanyoles.<\/p>\n\n\n\n<p>El fur aplicable ser\u00e0 el del domicili del demandat, tret que es tracti d&#8217;un procediment en exercici individual en defensa dels drets dels consumidors, i en aquest cas la compet\u00e8ncia ser\u00e0 a elecci\u00f3 del consumidor demandant, que podr\u00e0 optar entre el tribunal del seu domicili o el tribunal corresponent conforme als articles 50 i 51 Llei Enjudiciament Civil.<\/p>\n\n\n\n<p><strong>Acceptaci\u00f3 de l\u2019usuari<br><\/strong><br>Aquest Av\u00eds Legal regula l&#8217;acc\u00e9s i utilitzaci\u00f3 del Lloc web que Signum 2008 SL posa a la disposici\u00f3 dels usuaris d&#8217;Internet. Es considera usuari la persona que accedeixi, navegui, utilitzi o participi en els serveis i activitats del Lloc web.<br>L&#8217;usuari queda informat, i accepta, que l&#8217;acc\u00e9s a la present web no suposa, de cap manera, l&#8217;inici d&#8217;una relaci\u00f3 comercial amb Signum 2008 SL .<br>L&#8217;acc\u00e9s i navegaci\u00f3 en el Lloc web per part de l&#8217;usuari suposa l&#8217;acceptaci\u00f3 de la totalitat de les presents Condicions d&#8217;\u00das. En cas de desacord amb les condicions ha d&#8217;abstenir-se a usar el Lloc web.<\/p>\n\n\n\n<p><strong>Acc\u00e9s a la web<br><\/strong><br>L&#8217;acc\u00e9s al Lloc web per part dels usuaris \u00e9s de car\u00e0cter lliure i gratu\u00eft. Alguns serveis poden trobar-se subjectes a contractaci\u00f3 pr\u00e8via del servei.<br>En cas de ser necessari que l&#8217;usuari aporti dades personals per a accedir a algun dels serveis, la recollida i el tractament de les dades es realitzar\u00e0 de conformitat amb la normativa vigent, en concret amb el RGPD. Per a m\u00e9s informaci\u00f3, consulti la nostra pol\u00edtica de privacitat https:\/\/www.signum.cat.<\/p>\n\n\n\n<p><strong>Contingut i \u00fas<br><\/strong><br>La visita al Lloc web per part de l&#8217;usuari haur\u00e0 de fer-se de manera responsable i de conformitat a la legalitat vigent, la bona fe, el present Av\u00eds Legal i respectant els drets de propietat intel\u00b7lectual i industrial de titularitat de Signum 2008 SL o qualsevol altres persones f\u00edsiques o jur\u00eddiques.<\/p>\n\n\n\n<p>L&#8217;\u00fas de qualsevol dels continguts del Lloc web amb finalitats que siguin o poguessin ser il\u00b7l\u00edcites queda totalment prohibit, aix\u00ed com la realitzaci\u00f3 de qualsevol acci\u00f3 que causi o pugui causar danys o alteracions de qualsevol tipus no consentides per Signum 2008 SL , al Lloc web o als seus continguts.<\/p>\n\n\n\n<p>El titular del web no s&#8217;identifica amb les opinions abocades en el mateix pels seus col\u00b7laboradors.<br>L&#8217;empresa es reserva el dret d&#8217;efectuar sense previ av\u00eds les modificacions que consideri oportunes en el seu Web, podent canviar, suprimir o afegir tant els continguts i serveis que es prestin a trav\u00e9s de la mateixa com la forma en la qual aquests apareguin presentats o localitzats en els seus servidors.<\/p>\n\n\n\n<p><strong>Propietat Intel\u00b7lectual i industrial<br><\/strong><br>Els drets de propietat intel\u00b7lectual del contingut del Lloc web, el seu disseny gr\u00e0fic i codis s\u00f3n titularitat de Signum 2008 SL i, per tant, queda prohibida la seva reproducci\u00f3, distribuci\u00f3, comunicaci\u00f3 p\u00fablica, transformaci\u00f3 o qualsevol altra activitat que es realitzi amb els continguts del Lloc web, ni tan sols, encara que se citin les fonts, tret que es compti amb el consentiment previ, expr\u00e9s i per escrit de Signum 2008 SL . Tots els noms comercials, marques o signes diferents de qualsevol classe continguts en les p\u00e0gines web de l&#8217;empresa s\u00f3n propietat dels seus amos i estan protegits per llei.<br>Signum 2008 SL no concedeix cap llic\u00e8ncia o autoritzaci\u00f3 d&#8217;\u00fas de cap classe sobre els seus drets de propietat intel\u00b7lectual i industrial o sobre qualsevol altra propietat o dret relacionat amb el Lloc web, i en cap cas s&#8217;entendr\u00e0 que l&#8217;acc\u00e9s i navegaci\u00f3 dels usuaris implica una ren\u00fancia, transmissi\u00f3, llic\u00e8ncia o cessi\u00f3 total ni parcial d&#8217;aquests drets per part de Signum 2008 SL.<\/p>\n\n\n\n<p>Qualsevol \u00fas d&#8217;aquests continguts no autoritzat pr\u00e8viament per part de Signum 2008 SL ser\u00e0 considerat un incompliment greu dels drets de propietat intel\u00b7lectual o industrial i donar\u00e0 lloc a les responsabilitats legalment establertes. Signum 2008 SL es reserva el dret d&#8217;exercitar enfront de l&#8217;usuari les accions judicials i extrajudicials que corresponguin.<\/p>\n\n\n\n<p><strong>Responsabilitat i garanties<br><\/strong><br>Signum 2008 SL declara que ha adoptat les mesures necess\u00e0ries que, dins de les seves possibilitats i l&#8217;estat de la tecnologia, permetin el correcte funcionament del seu lloc web, aix\u00ed com l&#8217;abs\u00e8ncia de virus i components nocius. No obstant aix\u00f2, Signum 2008 SL no pot fer-se responsable de les seg\u00fcents situacions que s&#8217;enumeren a t\u00edtol enunciatiu, per\u00f2 no limitatiu:<br><br>\u2022 La continu\u00eftat i disponibilitat dels Continguts.<br>\u2022 L&#8217;abs\u00e8ncia d&#8217;errors en aquests continguts ni la correcci\u00f3 de qualsevol defecte que pogu\u00e9s oc\u00f3rrer.<br>\u2022 L&#8217;abs\u00e8ncia de virus i\/o altres components nocius<br>\u2022 Els danys o perjudicis que causi qualsevol persona que vulneri els sistemes de seguretat de Signum 2008 SL.<br>\u2022 L&#8217;\u00fas que els usuaris puguin fer dels continguts inclosos en el Lloc web. En conseq\u00fc\u00e8ncia, Signum 2008 SL no garanteix que l&#8217;\u00fas que els usuaris puguin fer dels continguts que en el seu cas s&#8217;incloguin en el Lloc web, s&#8217;ajustin al present av\u00eds legal, ni que l&#8217;\u00fas del Lloc web es realitzi de manera diligent.<br>\u2022 L&#8217;\u00fas per menors d&#8217;edat del Lloc web o de l&#8217;enviament de les seves dades personals sense el perm\u00eds dels seus tutors, sent els tutors responsables de l&#8217;\u00fas que facin d&#8217;Internet.<br>\u2022 Els continguts als quals l&#8217;usuari pugui accedir a trav\u00e9s d&#8217;enlla\u00e7os no autoritzats o introdu\u00efts per usuaris mitjan\u00e7ant comentaris o eines similars.<br>\u2022 La introducci\u00f3 de dades err\u00f2nies per part de l&#8217;usuari o d&#8217;un tercer.<\/p>\n\n\n\n<p>Signum 2008 SL podr\u00e0 suspendre temporalment i sense previ av\u00eds, l&#8217;accessibilitat al Lloc web amb motiu d&#8217;operacions de manteniment, reparaci\u00f3, actualitzaci\u00f3 o millora. No obstant aix\u00f2, sempre que les circumst\u00e0ncies ho permetin, Signum 2008 SL comunicar\u00e0 a l&#8217;usuari, amb antelaci\u00f3 suficient, la data prevista per a la suspensi\u00f3 dels continguts.<\/p>\n\n\n\n<p>Aix\u00ed mateix, de conformitat amb els arts. 11 i 16 de la Llei 34\/2002, d&#8217;11 de juliol, de serveis de la societat de la informaci\u00f3 i de comer\u00e7 electr\u00f2nic (LSSICE), Signum 2008 SL es compromet a l&#8217;eliminaci\u00f3 o, en el seu cas, bloqueig dels continguts que poguessin afectar o ser contraris a la legislaci\u00f3 vigent, els drets de tercers o la moral i ordre p\u00fablic.<\/p>\n\n\n\n<p><strong>Cookies<br><\/strong><br>Signum 2008 SL utilitza cookies, a l&#8217;efecte d&#8217;optimitzar i personalitzar la seva navegaci\u00f3 pel Lloc web. Les cookies s\u00f3n fitxers f\u00edsics d&#8217;informaci\u00f3 que s&#8217;allotgen en el propi terminal de l&#8217;usuari, la informaci\u00f3 recollida mitjan\u00e7ant les cookies serveix per a facilitar la navegaci\u00f3 de l&#8217;usuari pel portal i optimitzar l&#8217;experi\u00e8ncia de navegaci\u00f3. Les dades recopilades mitjan\u00e7ant les cookies poden ser compartides amb els creadors d&#8217;aquestes, per\u00f2 en cap cas la informaci\u00f3 obtinguda per les mateixes ser\u00e0 associada a dades personals ni a dades que puguin identificar a l&#8217;usuari.<\/p>\n\n\n\n<p>No obstant aix\u00f2, si l&#8217;usuari no desitja que s&#8217;instal\u00b7lin cookies en el seu disc dur, t\u00e9 la possibilitat de configurar el navegador de tal manera que impedeixi la instal\u00b7laci\u00f3 d&#8217;aquests arxius. Per a obtenir m\u00e9s informaci\u00f3 consulti la nostra Pol\u00edtica de Cookies https:\/\/www.signum.cat\/cookies.<\/p>\n\n\n\n<p><strong>Enlla\u00e7os (links)<br><\/strong><br>La pres\u00e8ncia d&#8217;enlla\u00e7os (links) en el Lloc web https:\/\/www.signum.cat cap a altres llocs d&#8217;Internet t\u00e9 finalitat merament informativa i en cap cas suposen suggeriment, invitaci\u00f3 o recomanaci\u00f3 sobre aquests. Signum 2008 SL no assumir\u00e0 responsabilitat pels continguts d&#8217;un enlla\u00e7 pertanyent a un lloc web ali\u00e8, ni garantir\u00e0 la fiabilitat, exactitud, amplitud, veracitat, validesa i disponibilitat t\u00e8cnica.<br><br>En el cas que en altres llocs web s&#8217;estableixin enlla\u00e7os al lloc web de Signum 2008 SL, no s&#8217;entendr\u00e0 que Signum 2008 SL ha autoritzat l&#8217;enlla\u00e7 o el contingut del lloc web en el qual es cont\u00e9 l&#8217;enlla\u00e7, tampoc podr\u00e0 incloure&#8217;s en la p\u00e0gina de l&#8217;enlla\u00e7 continguts inapropiats, difamatoris, il\u00b7legals, obscens o il\u00b7l\u00edcits, ni altres continguts que siguin contraris a la legalitat vigent.<br>Signum 2008 SL es reserva la possibilitat de contactar amb el propietari del lloc web en el qual s&#8217;estableixi l&#8217;enlla\u00e7 si considera que s&#8217;incompleix la normativa, aix\u00ed com d&#8217;exercitar les corresponents accions judicials i extrajudicials.<\/p>\n\n\n\n<p><strong>Modificaci\u00f3 de les condicions<br><\/strong><br>Els textos legals d&#8217;aquesta web han estat redactats per Qualgest, empresa especialitzada en la normativa de protecci\u00f3 de dades.<br>Signum 2008 SL es reserva expressament el dret a modificar unilateralment, totalment o parcialment, sense necessitat de previ av\u00eds, el present Av\u00eds Legal. L&#8217;usuari reconeix i accepta que \u00e9s la seva responsabilitat revisar peri\u00f2dicament el present Av\u00eds Legal.<\/p>\n\n\n\n<p><\/p>\n\n\n\n<p> <\/p>\n","protected":false},"excerpt":{"rendered":"<p>Av\u00eds legal En compliment amb el deure d&#8217;informaci\u00f3 recollit en article 10 de la Llei 34\/2002, d&#8217;11 de Juliol, de Serveis de la Societat de la Informaci\u00f3 i del Comer\u00e7 Electr\u00f2nic, l&#8217;informem que el Lloc web i el portal d&#8217;Internet Signum 2008 SL (d&#8217;ara endavant, el &#8220;Lloc web&#8221;) \u00e9s titularitat de Signum 2008 SL, amb&#8230;<\/p>\n","protected":false},"author":2,"featured_media":0,"parent":0,"menu_order":0,"comment_status":"closed","ping_status":"closed","template":"","meta":{"_kad_post_transparent":"default","_kad_post_title":"default","_kad_post_layout":"default","_kad_post_sidebar_id":"","_kad_post_content_style":"default","_kad_post_vertical_padding":"default","_kad_post_feature":"","_kad_post_feature_position":"","_kad_post_header":false,"_kad_post_footer":false,"footnotes":"","_joinchat":[]},"yoast_head":"<!-- This site is optimized with the Yoast SEO plugin v21.7 - https:\/\/yoast.com\/wordpress\/plugins\/seo\/ -->\n<title>Av\u00eds Legal - SIGNUM<\/title>\n<meta name=\"robots\" content=\"noindex, nofollow\" \/>\n<meta property=\"og:locale\" content=\"ca_ES\" \/>\n<meta property=\"og:type\" content=\"article\" \/>\n<meta property=\"og:title\" content=\"Av\u00eds Legal - SIGNUM\" \/>\n<meta property=\"og:description\" content=\"Av\u00eds legal En compliment amb el deure d&#8217;informaci\u00f3 recollit en article 10 de la Llei 34\/2002, d&#8217;11 de Juliol, de Serveis de la Societat de la Informaci\u00f3 i del Comer\u00e7 Electr\u00f2nic, l&#8217;informem que el Lloc web i el portal d&#8217;Internet Signum 2008 SL (d&#8217;ara endavant, el &#8220;Lloc web&#8221;) \u00e9s titularitat de Signum 2008 SL, amb...\" \/>\n<meta property=\"og:url\" content=\"https:\/\/www.signum.cat\/ca\/avis-legal\/\" \/>\n<meta property=\"og:site_name\" content=\"SIGNUM\" \/>\n<meta property=\"article:modified_time\" content=\"2021-01-25T10:58:26+00:00\" \/>\n<meta name=\"twitter:card\" content=\"summary_large_image\" \/>\n<meta name=\"twitter:label1\" content=\"Est. reading time\" \/>\n\t<meta name=\"twitter:data1\" content=\"7 minutes\" \/>\n<script type=\"application\/ld+json\" class=\"yoast-schema-graph\">{\"@context\":\"https:\/\/schema.org\",\"@graph\":[{\"@type\":\"WebPage\",\"@id\":\"https:\/\/www.signum.cat\/ca\/avis-legal\/\",\"url\":\"https:\/\/www.signum.cat\/ca\/avis-legal\/\",\"name\":\"Av\u00eds Legal - SIGNUM\",\"isPartOf\":{\"@id\":\"https:\/\/www.signum.cat\/#website\"},\"datePublished\":\"2017-11-11T15:02:49+00:00\",\"dateModified\":\"2021-01-25T10:58:26+00:00\",\"breadcrumb\":{\"@id\":\"https:\/\/www.signum.cat\/ca\/avis-legal\/#breadcrumb\"},\"inLanguage\":\"ca-ES\",\"potentialAction\":[{\"@type\":\"ReadAction\",\"target\":[\"https:\/\/www.signum.cat\/ca\/avis-legal\/\"]}]},{\"@type\":\"BreadcrumbList\",\"@id\":\"https:\/\/www.signum.cat\/ca\/avis-legal\/#breadcrumb\",\"itemListElement\":[{\"@type\":\"ListItem\",\"position\":1,\"name\":\"Portada\",\"item\":\"https:\/\/www.signum.cat\/ca\/\"},{\"@type\":\"ListItem\",\"position\":2,\"name\":\"Av\u00eds Legal\"}]},{\"@type\":\"WebSite\",\"@id\":\"https:\/\/www.signum.cat\/#website\",\"url\":\"https:\/\/www.signum.cat\/\",\"name\":\"SIGNUM\",\"description\":\"Electricidad, dom\u00f3tica e inm\u00f3tica\",\"publisher\":{\"@id\":\"https:\/\/www.signum.cat\/#organization\"},\"potentialAction\":[{\"@type\":\"SearchAction\",\"target\":{\"@type\":\"EntryPoint\",\"urlTemplate\":\"https:\/\/www.signum.cat\/?s={search_term_string}\"},\"query-input\":\"required name=search_term_string\"}],\"inLanguage\":\"ca-ES\"},{\"@type\":\"Organization\",\"@id\":\"https:\/\/www.signum.cat\/#organization\",\"name\":\"SIGNUM\",\"url\":\"https:\/\/www.signum.cat\/\",\"logo\":{\"@type\":\"ImageObject\",\"inLanguage\":\"ca-ES\",\"@id\":\"https:\/\/www.signum.cat\/#\/schema\/logo\/image\/\",\"url\":\"https:\/\/www.signum.cat\/wp-content\/uploads\/2021\/02\/Logo-SIGNUM-Favicon-1.png\",\"contentUrl\":\"https:\/\/www.signum.cat\/wp-content\/uploads\/2021\/02\/Logo-SIGNUM-Favicon-1.png\",\"width\":80,\"height\":73,\"caption\":\"SIGNUM\"},\"image\":{\"@id\":\"https:\/\/www.signum.cat\/#\/schema\/logo\/image\/\"}}]}<\/script>\n<!-- \/ Yoast SEO plugin. -->","yoast_head_json":{"title":"Av\u00eds Legal - SIGNUM","robots":{"index":"noindex","follow":"nofollow"},"og_locale":"ca_ES","og_type":"article","og_title":"Av\u00eds Legal - SIGNUM","og_description":"Av\u00eds legal En compliment amb el deure d&#8217;informaci\u00f3 recollit en article 10 de la Llei 34\/2002, d&#8217;11 de Juliol, de Serveis de la Societat de la Informaci\u00f3 i del Comer\u00e7 Electr\u00f2nic, l&#8217;informem que el Lloc web i el portal d&#8217;Internet Signum 2008 SL (d&#8217;ara endavant, el &#8220;Lloc web&#8221;) \u00e9s titularitat de Signum 2008 SL, amb...","og_url":"https:\/\/www.signum.cat\/ca\/avis-legal\/","og_site_name":"SIGNUM","article_modified_time":"2021-01-25T10:58:26+00:00","twitter_card":"summary_large_image","twitter_misc":{"Est. reading time":"7 minutes"},"schema":{"@context":"https:\/\/schema.org","@graph":[{"@type":"WebPage","@id":"https:\/\/www.signum.cat\/ca\/avis-legal\/","url":"https:\/\/www.signum.cat\/ca\/avis-legal\/","name":"Av\u00eds Legal - SIGNUM","isPartOf":{"@id":"https:\/\/www.signum.cat\/#website"},"datePublished":"2017-11-11T15:02:49+00:00","dateModified":"2021-01-25T10:58:26+00:00","breadcrumb":{"@id":"https:\/\/www.signum.cat\/ca\/avis-legal\/#breadcrumb"},"inLanguage":"ca-ES","potentialAction":[{"@type":"ReadAction","target":["https:\/\/www.signum.cat\/ca\/avis-legal\/"]}]},{"@type":"BreadcrumbList","@id":"https:\/\/www.signum.cat\/ca\/avis-legal\/#breadcrumb","itemListElement":[{"@type":"ListItem","position":1,"name":"Portada","item":"https:\/\/www.signum.cat\/ca\/"},{"@type":"ListItem","position":2,"name":"Av\u00eds Legal"}]},{"@type":"WebSite","@id":"https:\/\/www.signum.cat\/#website","url":"https:\/\/www.signum.cat\/","name":"SIGNUM","description":"Electricidad, dom\u00f3tica e inm\u00f3tica","publisher":{"@id":"https:\/\/www.signum.cat\/#organization"},"potentialAction":[{"@type":"SearchAction","target":{"@type":"EntryPoint","urlTemplate":"https:\/\/www.signum.cat\/?s={search_term_string}"},"query-input":"required name=search_term_string"}],"inLanguage":"ca-ES"},{"@type":"Organization","@id":"https:\/\/www.signum.cat\/#organization","name":"SIGNUM","url":"https:\/\/www.signum.cat\/","logo":{"@type":"ImageObject","inLanguage":"ca-ES","@id":"https:\/\/www.signum.cat\/#\/schema\/logo\/image\/","url":"https:\/\/www.signum.cat\/wp-content\/uploads\/2021\/02\/Logo-SIGNUM-Favicon-1.png","contentUrl":"https:\/\/www.signum.cat\/wp-content\/uploads\/2021\/02\/Logo-SIGNUM-Favicon-1.png","width":80,"height":73,"caption":"SIGNUM"},"image":{"@id":"https:\/\/www.signum.cat\/#\/schema\/logo\/image\/"}}]}},"_links":{"self":[{"href":"https:\/\/www.signum.cat\/ca\/wp-json\/wp\/v2\/pages\/157"}],"collection":[{"href":"https:\/\/www.signum.cat\/ca\/wp-json\/wp\/v2\/pages"}],"about":[{"href":"https:\/\/www.signum.cat\/ca\/wp-json\/wp\/v2\/types\/page"}],"author":[{"embeddable":true,"href":"https:\/\/www.signum.cat\/ca\/wp-json\/wp\/v2\/users\/2"}],"replies":[{"embeddable":true,"href":"https:\/\/www.signum.cat\/ca\/wp-json\/wp\/v2\/comments?post=157"}],"version-history":[{"count":11,"href":"https:\/\/www.signum.cat\/ca\/wp-json\/wp\/v2\/pages\/157\/revisions"}],"predecessor-version":[{"id":1485,"href":"https:\/\/www.signum.cat\/ca\/wp-json\/wp\/v2\/pages\/157\/revisions\/1485"}],"wp:attachment":[{"href":"https:\/\/www.signum.cat\/ca\/wp-json\/wp\/v2\/media?parent=157"}],"curies":[{"name":"wp","href":"https:\/\/api.w.org\/{rel}","templated":true}]}}