{"id":268,"date":"2017-12-14T11:25:37","date_gmt":"2017-12-14T11:25:37","guid":{"rendered":"https:\/\/www.signum.cat\/?page_id=268"},"modified":"2022-01-20T21:10:19","modified_gmt":"2022-01-20T20:10:19","slug":"instal%c2%b7lacions-domotiques","status":"publish","type":"page","link":"https:\/\/www.signum.cat\/ca\/instal%c2%b7lacions-domotiques\/","title":{"rendered":"Instal\u00b7lacions Dom\u00f2tiques"},"content":{"rendered":"<section class=\"wpb-content-wrapper\"><p>[vc_row full_width=&#8221;stretch_row_content&#8221; parallax=&#8221;content-moving&#8221; parallax_image=&#8221;762&#8243; css=&#8221;.vc_custom_1514548249701{padding-top: 130px !important;padding-bottom: 130px !important;}&#8221;][vc_column][vc_custom_heading text=&#8221;Instal\u00b7lacions Dom\u00f2tiques a Barcelona&#8221; font_container=&#8221;tag:h1|text_align:center|color:%23f2d100&#8243; use_theme_fonts=&#8221;yes&#8221; css_animation=&#8221;fadeInUp&#8221;][\/vc_column][\/vc_row][vc_row full_width=&#8221;stretch_row_content_no_spaces&#8221;][vc_column][vc_column_text css=&#8221;.vc_custom_1642708248774{padding-top: 50px !important;padding-right: 50px !important;padding-bottom: 50px !important;padding-left: 50px !important;}&#8221;]<\/p>\n<h2 style=\"text-align: center;\">Instal\u00b7lacions dom\u00f2tiques: el teu habitatge automatitzat<\/h2>\n<p style=\"text-align: center;\">Les instal\u00b7lacions dom\u00f2tiques s\u00f3n un grup de <strong>sistemes de control intel\u00b7ligent de la casa<\/strong> que permeten la correcta gesti\u00f3 de l&#8217;aprofitament d&#8217;aquesta, garantint la protecci\u00f3 i el benestar, a m\u00e9s de la comunicaci\u00f3 amb els usuaris i els propis sistemes.<\/p>\n<p style=\"text-align: center;\">Durant molt de temps s&#8217;ha emprat la paraula \u201c<strong>dom\u00f2tica<\/strong>\u201d per a definir sistemes d&#8217;enceses d&#8217;enllumenat i <a href=\"https:\/\/www.signum.cat\/ca\/domotica-quelcom-mes-que-un-control-de-persianes\/\">control de persianes<\/a>. Maniobres amb una aportaci\u00f3 m\u00ednima de confort i control.<\/p>\n<p style=\"text-align: center;\"><strong>Signum<\/strong>, empresa d&#8217;instal\u00b7lacions de dom\u00f2tica en llars, entenem la dom\u00f2tica com una integraci\u00f3 a les \u00faltimes tecnologies de l<strong>&#8216;automatitzaci\u00f3 en els sistemes de l&#8217;habitatge amb una connectivitat m\u00e0xima amb l&#8217;usuari.<\/strong><\/p>\n<p>[\/vc_column_text][\/vc_column][\/vc_row][vc_row][vc_column][vc_column_text]<\/p>\n<h2 style=\"text-align: center;\">Simplifiquem maniobres amb els sistemes de dom\u00f2tica<\/h2>\n<p style=\"text-align: center;\">Tan senzill com pr\u00e9mer un bot\u00f3 perqu\u00e8 totes les llums s&#8217;apaguin o es baixin les persianes<\/p>\n<p style=\"text-align: center;\">L&#8217;habitatge adquireix un estat de rep\u00f2s i vigil\u00e0ncia amb la parametritzaci\u00f3 triada.<\/p>\n<p>[\/vc_column_text][\/vc_column][\/vc_row][vc_row][vc_column][vc_empty_space][\/vc_column][\/vc_row][vc_row][vc_column][vc_single_image image=&#8221;2811&#8243; img_size=&#8221;full&#8221; alignment=&#8221;center&#8221;][\/vc_column][\/vc_row][vc_row full_width=&#8221;stretch_row_content_no_spaces&#8221;][vc_column][vc_column_text css=&#8221;.vc_custom_1642708793427{padding-top: 50px !important;padding-right: 50px !important;padding-bottom: 50px !important;padding-left: 50px !important;}&#8221;]<\/p>\n<h2 style=\"text-align: center;\">El disseny de les instal\u00b7lacions dom\u00f2tiques<\/h2>\n<p style=\"text-align: center;\">Utilitzem est\u00e0ndards de comunicaci\u00f3 oberts i compatibles amb components de diferents fabricadores, la qual cosa ens permet desenvolupar instal\u00b7lacions escalables i ampliables amb els millors components de cada marca.<\/p>\n<p style=\"text-align: center;\">La il\u00b7luminaci\u00f3, pot ser regulada en funci\u00f3 de l&#8217;aportaci\u00f3 solar o ambientaci\u00f3 desitjada.<br \/>\nLa climatitzaci\u00f3 \u00e9s controlada de manera individual per a cada estada, traduint-se en un estalvi energ\u00e8tic i major confort,<br \/>\ndisposant de la temperatura adequada en cada espai.<\/p>\n<h3 style=\"text-align: center;\">Un sistema dom\u00f2tic ha d&#8217;aportar seguretat, confort, estalvi i connectivitat<br \/>\nen els graus que l&#8217;usuari requereixi<\/h3>\n<p style=\"text-align: center;\">A partir d&#8217;una interf\u00edcie de f\u00e0cil maneig, es pot controlar el sistema de la casa intel\u00b7ligent.<br \/>\nBrindem la major de les comoditats i la seguretat en la instal\u00b7laci\u00f3.<\/p>\n<p>[\/vc_column_text][\/vc_column][\/vc_row][vc_row gap=&#8221;15&#8243; css=&#8221;.vc_custom_1514548667230{margin-top: 30px !important;margin-bottom: 80px !important;}&#8221;][vc_column 0=&#8221;&#8221;][vc_single_image image=&#8221;327&#8243; img_size=&#8221;medium&#8221; alignment=&#8221;center&#8221; css_animation=&#8221;bounceInUp&#8221;][\/vc_column][\/vc_row][vc_row gap=&#8221;15&#8243; css=&#8221;.vc_custom_1514548667230{margin-top: 30px !important;margin-bottom: 80px !important;}&#8221;][vc_column 0=&#8221;&#8221;][vc_column_text]<\/p>\n<p style=\"text-align: center;\">La <a href=\"https:\/\/www.knx.es\/es\" target=\"_blank\" rel=\"noopener\">KNX Association<\/a> \u00e9s <strong>creadora i propiet\u00e0ria de KNX<\/strong>:<br \/>\nl&#8217;est\u00e0ndard mundial per al control d&#8217;habitatges i edificis<\/p>\n<p>[\/vc_column_text][\/vc_column][\/vc_row][vc_row gap=&#8221;15&#8243; css=&#8221;.vc_custom_1514548667230{margin-top: 30px !important;margin-bottom: 80px !important;}&#8221;][vc_column 0=&#8221;&#8221;][vc_column_text]<\/p>\n<h3 style=\"text-align: center;\">La tecnologia avan\u00e7ada mai ha estat tan senzilla<\/h3>\n<p style=\"text-align: center;\">Maneja el teu <strong>habitatge smart<\/strong> al moment des del teu tel\u00e8fon intel\u00b7ligent o tauleta: amb tan sols un clic.<\/p>\n<p style=\"text-align: center;\"><strong>Pots programar el propi term\u00f2stat, graduar els llums i fins i tot accedir al sistema d&#8217;alarmes!<\/strong><\/p>\n<p>[\/vc_column_text][\/vc_column][\/vc_row][vc_row gap=&#8221;15&#8243; css=&#8221;.vc_custom_1514548667230{margin-top: 30px !important;margin-bottom: 80px !important;}&#8221;][vc_column 0=&#8221;&#8221;][vc_message message_box_style=&#8221;solid-icon&#8221; message_box_color=&#8221;warning&#8221;]<\/p>\n<p style=\"text-align: left;\"><strong>Els nostres sistemes permeten controlar de manera remota el teu habitatge i saber en tot moment qu\u00e8 est\u00e0 passant.<\/strong><\/p>\n<p>[\/vc_message][\/vc_column][\/vc_row][vc_row full_width=&#8221;stretch_row_content_no_spaces&#8221; parallax=&#8221;content-moving&#8221; parallax_image=&#8221;720&#8243; css=&#8221;.vc_custom_1514548644883{margin-bottom: 60px !important;}&#8221;][vc_column][vc_column_text]<\/p>\n<h2 style=\"text-align: center;\"><strong>Digues-nos qu\u00e8 podem fer per tu<\/strong><\/h2>\n<p style=\"text-align: center;\"><strong>Posa&#8217;t en contacte amb nosaltres<\/strong><\/p>\n<p>[\/vc_column_text][vc_btn title=&#8221;Contacte&#8221; style=&#8221;flat&#8221; color=&#8221;white&#8221; align=&#8221;center&#8221; link=&#8221;url:https%3A%2F%2Fwww.signum.cat%2Fca%2Fcontacta-amb-nososaltres%2F&#8221;][\/vc_column][\/vc_row]<\/p>\n<\/section>","protected":false},"excerpt":{"rendered":"<p>[vc_row full_width=&#8221;stretch_row_content&#8221; parallax=&#8221;content-moving&#8221; parallax_image=&#8221;762&#8243; css=&#8221;.vc_custom_1514548249701{padding-top: 130px !important;padding-bottom: 130px !important;}&#8221;][vc_column][vc_custom_heading text=&#8221;Instal\u00b7lacions Dom\u00f2tiques a Barcelona&#8221; font_container=&#8221;tag:h1|text_align:center|color:%23f2d100&#8243; use_theme_fonts=&#8221;yes&#8221; css_animation=&#8221;fadeInUp&#8221;][\/vc_column][\/vc_row][vc_row full_width=&#8221;stretch_row_content_no_spaces&#8221;][vc_column][vc_column_text css=&#8221;.vc_custom_1642708248774{padding-top: 50px !important;padding-right: 50px !important;padding-bottom: 50px !important;padding-left: 50px !important;}&#8221;] Instal\u00b7lacions dom\u00f2tiques: el teu habitatge automatitzat Les instal\u00b7lacions dom\u00f2tiques s\u00f3n un grup de sistemes de control intel\u00b7ligent de la casa que permeten la correcta gesti\u00f3 de l&#8217;aprofitament d&#8217;aquesta, garantint&#8230;<\/p>\n","protected":false},"author":2,"featured_media":2807,"parent":0,"menu_order":0,"comment_status":"closed","ping_status":"closed","template":"","meta":{"_kad_post_transparent":"default","_kad_post_title":"default","_kad_post_layout":"default","_kad_post_sidebar_id":"","_kad_post_content_style":"default","_kad_post_vertical_padding":"default","_kad_post_feature":"","_kad_post_feature_position":"","_kad_post_header":false,"_kad_post_footer":false,"footnotes":"","_joinchat":[]},"yoast_head":"<!-- This site is optimized with the Yoast SEO plugin v21.7 - https:\/\/yoast.com\/wordpress\/plugins\/seo\/ -->\n<title>Instal\u00b7lacions Dom\u00f2tiques per a Habitatges - SIGNUM<\/title>\n<meta name=\"description\" content=\"Les instal\u00b7lacions dom\u00f2tiques permeten la comunicaci\u00f3 amb els usuaris i els propis sistemes intel\u00b7ligents garantint protecci\u00f3 i el benestar.\" \/>\n<meta name=\"robots\" content=\"index, follow, max-snippet:-1, max-image-preview:large, max-video-preview:-1\" \/>\n<link rel=\"canonical\" href=\"https:\/\/www.signum.cat\/ca\/instal\u00b7lacions-domotiques\/\" \/>\n<meta property=\"og:locale\" content=\"ca_ES\" \/>\n<meta property=\"og:type\" content=\"article\" \/>\n<meta property=\"og:title\" content=\"Instal\u00b7lacions Dom\u00f2tiques per a Habitatges - SIGNUM\" \/>\n<meta property=\"og:description\" content=\"Les instal\u00b7lacions dom\u00f2tiques permeten la comunicaci\u00f3 amb els usuaris i els propis sistemes intel\u00b7ligents garantint protecci\u00f3 i el benestar.\" \/>\n<meta property=\"og:url\" content=\"https:\/\/www.signum.cat\/ca\/instal\u00b7lacions-domotiques\/\" \/>\n<meta property=\"og:site_name\" content=\"SIGNUM\" \/>\n<meta property=\"article:modified_time\" content=\"2022-01-20T20:10:19+00:00\" \/>\n<meta property=\"og:image\" content=\"https:\/\/www.signum.cat\/wp-content\/uploads\/2022\/01\/Instalaciones-domoticas-SIGNUM-2.jpg\" \/>\n\t<meta property=\"og:image:width\" content=\"1920\" \/>\n\t<meta property=\"og:image:height\" content=\"763\" \/>\n\t<meta property=\"og:image:type\" content=\"image\/jpeg\" \/>\n<meta name=\"twitter:card\" content=\"summary_large_image\" \/>\n<meta name=\"twitter:label1\" content=\"Est. reading time\" \/>\n\t<meta name=\"twitter:data1\" content=\"3 minutes\" \/>\n<script type=\"application\/ld+json\" class=\"yoast-schema-graph\">{\"@context\":\"https:\/\/schema.org\",\"@graph\":[{\"@type\":\"WebPage\",\"@id\":\"https:\/\/www.signum.cat\/ca\/instal%c2%b7lacions-domotiques\/\",\"url\":\"https:\/\/www.signum.cat\/ca\/instal%c2%b7lacions-domotiques\/\",\"name\":\"Instal\u00b7lacions Dom\u00f2tiques per a Habitatges - SIGNUM\",\"isPartOf\":{\"@id\":\"https:\/\/www.signum.cat\/#website\"},\"datePublished\":\"2017-12-14T11:25:37+00:00\",\"dateModified\":\"2022-01-20T20:10:19+00:00\",\"description\":\"Les instal\u00b7lacions dom\u00f2tiques permeten la comunicaci\u00f3 amb els usuaris i els propis sistemes intel\u00b7ligents garantint protecci\u00f3 i el benestar.\",\"breadcrumb\":{\"@id\":\"https:\/\/www.signum.cat\/ca\/instal%c2%b7lacions-domotiques\/#breadcrumb\"},\"inLanguage\":\"ca-ES\",\"potentialAction\":[{\"@type\":\"ReadAction\",\"target\":[\"https:\/\/www.signum.cat\/ca\/instal%c2%b7lacions-domotiques\/\"]}]},{\"@type\":\"BreadcrumbList\",\"@id\":\"https:\/\/www.signum.cat\/ca\/instal%c2%b7lacions-domotiques\/#breadcrumb\",\"itemListElement\":[{\"@type\":\"ListItem\",\"position\":1,\"name\":\"Portada\",\"item\":\"https:\/\/www.signum.cat\/ca\/\"},{\"@type\":\"ListItem\",\"position\":2,\"name\":\"Instal\u00b7lacions Dom\u00f2tiques\"}]},{\"@type\":\"WebSite\",\"@id\":\"https:\/\/www.signum.cat\/#website\",\"url\":\"https:\/\/www.signum.cat\/\",\"name\":\"SIGNUM\",\"description\":\"Electricidad, dom\u00f3tica e inm\u00f3tica\",\"publisher\":{\"@id\":\"https:\/\/www.signum.cat\/#organization\"},\"potentialAction\":[{\"@type\":\"SearchAction\",\"target\":{\"@type\":\"EntryPoint\",\"urlTemplate\":\"https:\/\/www.signum.cat\/?s={search_term_string}\"},\"query-input\":\"required name=search_term_string\"}],\"inLanguage\":\"ca-ES\"},{\"@type\":\"Organization\",\"@id\":\"https:\/\/www.signum.cat\/#organization\",\"name\":\"SIGNUM\",\"url\":\"https:\/\/www.signum.cat\/\",\"logo\":{\"@type\":\"ImageObject\",\"inLanguage\":\"ca-ES\",\"@id\":\"https:\/\/www.signum.cat\/#\/schema\/logo\/image\/\",\"url\":\"https:\/\/www.signum.cat\/wp-content\/uploads\/2021\/02\/Logo-SIGNUM-Favicon-1.png\",\"contentUrl\":\"https:\/\/www.signum.cat\/wp-content\/uploads\/2021\/02\/Logo-SIGNUM-Favicon-1.png\",\"width\":80,\"height\":73,\"caption\":\"SIGNUM\"},\"image\":{\"@id\":\"https:\/\/www.signum.cat\/#\/schema\/logo\/image\/\"}}]}<\/script>\n<!-- \/ Yoast SEO plugin. -->","yoast_head_json":{"title":"Instal\u00b7lacions Dom\u00f2tiques per a Habitatges - SIGNUM","description":"Les instal\u00b7lacions dom\u00f2tiques permeten la comunicaci\u00f3 amb els usuaris i els propis sistemes intel\u00b7ligents garantint protecci\u00f3 i el benestar.","robots":{"index":"index","follow":"follow","max-snippet":"max-snippet:-1","max-image-preview":"max-image-preview:large","max-video-preview":"max-video-preview:-1"},"canonical":"https:\/\/www.signum.cat\/ca\/instal\u00b7lacions-domotiques\/","og_locale":"ca_ES","og_type":"article","og_title":"Instal\u00b7lacions Dom\u00f2tiques per a Habitatges - SIGNUM","og_description":"Les instal\u00b7lacions dom\u00f2tiques permeten la comunicaci\u00f3 amb els usuaris i els propis sistemes intel\u00b7ligents garantint protecci\u00f3 i el benestar.","og_url":"https:\/\/www.signum.cat\/ca\/instal\u00b7lacions-domotiques\/","og_site_name":"SIGNUM","article_modified_time":"2022-01-20T20:10:19+00:00","og_image":[{"width":1920,"height":763,"url":"https:\/\/www.signum.cat\/wp-content\/uploads\/2022\/01\/Instalaciones-domoticas-SIGNUM-2.jpg","type":"image\/jpeg"}],"twitter_card":"summary_large_image","twitter_misc":{"Est. reading time":"3 minutes"},"schema":{"@context":"https:\/\/schema.org","@graph":[{"@type":"WebPage","@id":"https:\/\/www.signum.cat\/ca\/instal%c2%b7lacions-domotiques\/","url":"https:\/\/www.signum.cat\/ca\/instal%c2%b7lacions-domotiques\/","name":"Instal\u00b7lacions Dom\u00f2tiques per a Habitatges - SIGNUM","isPartOf":{"@id":"https:\/\/www.signum.cat\/#website"},"datePublished":"2017-12-14T11:25:37+00:00","dateModified":"2022-01-20T20:10:19+00:00","description":"Les instal\u00b7lacions dom\u00f2tiques permeten la comunicaci\u00f3 amb els usuaris i els propis sistemes intel\u00b7ligents garantint protecci\u00f3 i el benestar.","breadcrumb":{"@id":"https:\/\/www.signum.cat\/ca\/instal%c2%b7lacions-domotiques\/#breadcrumb"},"inLanguage":"ca-ES","potentialAction":[{"@type":"ReadAction","target":["https:\/\/www.signum.cat\/ca\/instal%c2%b7lacions-domotiques\/"]}]},{"@type":"BreadcrumbList","@id":"https:\/\/www.signum.cat\/ca\/instal%c2%b7lacions-domotiques\/#breadcrumb","itemListElement":[{"@type":"ListItem","position":1,"name":"Portada","item":"https:\/\/www.signum.cat\/ca\/"},{"@type":"ListItem","position":2,"name":"Instal\u00b7lacions Dom\u00f2tiques"}]},{"@type":"WebSite","@id":"https:\/\/www.signum.cat\/#website","url":"https:\/\/www.signum.cat\/","name":"SIGNUM","description":"Electricidad, dom\u00f3tica e inm\u00f3tica","publisher":{"@id":"https:\/\/www.signum.cat\/#organization"},"potentialAction":[{"@type":"SearchAction","target":{"@type":"EntryPoint","urlTemplate":"https:\/\/www.signum.cat\/?s={search_term_string}"},"query-input":"required name=search_term_string"}],"inLanguage":"ca-ES"},{"@type":"Organization","@id":"https:\/\/www.signum.cat\/#organization","name":"SIGNUM","url":"https:\/\/www.signum.cat\/","logo":{"@type":"ImageObject","inLanguage":"ca-ES","@id":"https:\/\/www.signum.cat\/#\/schema\/logo\/image\/","url":"https:\/\/www.signum.cat\/wp-content\/uploads\/2021\/02\/Logo-SIGNUM-Favicon-1.png","contentUrl":"https:\/\/www.signum.cat\/wp-content\/uploads\/2021\/02\/Logo-SIGNUM-Favicon-1.png","width":80,"height":73,"caption":"SIGNUM"},"image":{"@id":"https:\/\/www.signum.cat\/#\/schema\/logo\/image\/"}}]}},"_links":{"self":[{"href":"https:\/\/www.signum.cat\/ca\/wp-json\/wp\/v2\/pages\/268"}],"collection":[{"href":"https:\/\/www.signum.cat\/ca\/wp-json\/wp\/v2\/pages"}],"about":[{"href":"https:\/\/www.signum.cat\/ca\/wp-json\/wp\/v2\/types\/page"}],"author":[{"embeddable":true,"href":"https:\/\/www.signum.cat\/ca\/wp-json\/wp\/v2\/users\/2"}],"replies":[{"embeddable":true,"href":"https:\/\/www.signum.cat\/ca\/wp-json\/wp\/v2\/comments?post=268"}],"version-history":[{"count":55,"href":"https:\/\/www.signum.cat\/ca\/wp-json\/wp\/v2\/pages\/268\/revisions"}],"predecessor-version":[{"id":2818,"href":"https:\/\/www.signum.cat\/ca\/wp-json\/wp\/v2\/pages\/268\/revisions\/2818"}],"wp:featuredmedia":[{"embeddable":true,"href":"https:\/\/www.signum.cat\/ca\/wp-json\/wp\/v2\/media\/2807"}],"wp:attachment":[{"href":"https:\/\/www.signum.cat\/ca\/wp-json\/wp\/v2\/media?parent=268"}],"curies":[{"name":"wp","href":"https:\/\/api.w.org\/{rel}","templated":true}]}}