{"id":270,"date":"2017-12-14T11:26:24","date_gmt":"2017-12-14T11:26:24","guid":{"rendered":"https:\/\/www.signum.cat\/?page_id=270"},"modified":"2021-10-29T12:32:02","modified_gmt":"2021-10-29T10:32:02","slug":"automatitzacio-dedificis","status":"publish","type":"page","link":"https:\/\/www.signum.cat\/ca\/automatitzacio-dedificis\/","title":{"rendered":"Automatitzaci\u00f3 d&#8217;edificis"},"content":{"rendered":"<section class=\"wpb-content-wrapper\"><p>[vc_row full_width=&#8221;stretch_row_content&#8221; parallax=&#8221;content-moving&#8221; parallax_image=&#8221;914&#8243; css=&#8221;.vc_custom_1517228101847{padding-top: 130px !important;padding-bottom: 130px !important;}&#8221;][vc_column 0=&#8221;&#8221;][vc_custom_heading text=&#8221;Sistemes d&#8217;Automatitzaci\u00f3 en Edificis&#8221; font_container=&#8221;tag:h1|text_align:center|color:%23ea9c00&#8243; use_theme_fonts=&#8221;yes&#8221; css_animation=&#8221;fadeInUp&#8221;][\/vc_column][\/vc_row][vc_row css=&#8221;.vc_custom_1514547252222{margin-top: 60px !important;margin-bottom: 60px !important;}&#8221;][vc_column][vc_column_text]<\/p>\n<h2 style=\"text-align: center;\">En qu\u00e8 consisteix l&#8217;automatitzaci\u00f3 d&#8217;edificis?<\/h2>\n<p style=\"text-align: center;\">S\u00f3n els sistemes d&#8217;automatitzaci\u00f3 d&#8217;edificis els que s&#8217;encarreguen principalment de controlar el sistema de calefacci\u00f3, l&#8217;aire condicionat d&#8217;un edifici i que permeten gestionar i controlar efica\u00e7ment l&#8217;energia, el benestar i l&#8217;efici\u00e8ncia energ\u00e8tica.<\/p>\n<p style=\"text-align: center;\">No obstant aix\u00f2, a mesura que avancem en l&#8217;era de la digitalitzaci\u00f3, la incorporaci\u00f3 d&#8217;aquests sistemes, exerceix un paper m\u00e9s important en la vida quotidiana.<\/p>\n<p style=\"text-align: center;\">Les noves tecnologies en mat\u00e8ria d&#8217;automatitzaci\u00f3, control i gesti\u00f3 d&#8217;instal\u00b7lacions, permeten avui dia, no sols supervisar i actuar a dist\u00e0ncia sin\u00f3 tamb\u00e9 aconseguir que el sistema prengui decisions respecte a la seguretat i efici\u00e8ncia.<\/p>\n<p style=\"text-align: center;\">Aix\u00f2, ha significat poder realitzar sistemes amb uns graus de confort i efici\u00e8ncia elevats. Aquests sistemes, tenint en compte el cost de l&#8217;energia i l&#8217;impacte mig ambiental, no han de ser exclusius de grans ind\u00fastries o grans superf\u00edcies.<\/p>\n<p>[\/vc_column_text][\/vc_column][\/vc_row][vc_row css=&#8221;.vc_custom_1514547406763{margin-top: 60px !important;margin-bottom: 60px !important;}&#8221;][vc_column][vc_column_text]<\/p>\n<h2 style=\"text-align: center;\">La imm\u00f2tica i l&#8217;automatitzaci\u00f3 d&#8217;edificis intel\u00b7ligents<\/h2>\n<p style=\"text-align: center;\">La combinaci\u00f3 amb la il\u00b7luminaci\u00f3 per a incrementar el confort i el benestar, l&#8217;optimitzaci\u00f3 de la utilitzaci\u00f3 de l&#8217;espai a trav\u00e9s de la gesti\u00f3 de les habitacions o la integraci\u00f3 amb recursos energ\u00e8tics distribu\u00efts, com a <a href=\"https:\/\/www.signum.cat\/ca\/energia-solar-fotovoltaica\/\">panells solars<\/a> i bateries, per a optimitzar l&#8217;\u00fas de l&#8217;energia.<\/p>\n<p style=\"text-align: center;\"><strong>S\u00f3n algunes de les caracter\u00edstiques que poden integrar-se en els sistemes de gesti\u00f3 d&#8217;edificis.<\/strong><\/p>\n<p style=\"text-align: center;\">Falta un canvi de model energ\u00e8tic on totes les edificacions gestionin la seva energia i l&#8217;optimitzin al m\u00e0xim.<\/p>\n<p style=\"text-align: center;\"><strong>L&#8217;estalvi econ\u00f2mic ha de servir de retorn d&#8217;inversi\u00f3 cap a un requeriment energ\u00e8tic<\/strong><\/p>\n<p>[\/vc_column_text][\/vc_column][\/vc_row][vc_row][vc_column][vc_images_carousel images=&#8221;919,733,732,920&#8243; img_size=&#8221;full&#8221; onclick=&#8221;link_no&#8221; autoplay=&#8221;yes&#8221; hide_pagination_control=&#8221;yes&#8221; hide_prev_next_buttons=&#8221;yes&#8221; wrap=&#8221;yes&#8221;][\/vc_column][\/vc_row][vc_row css=&#8221;.vc_custom_1514548912654{margin-top: 40px !important;margin-bottom: 40px !important;}&#8221;][vc_column][vc_column_text]<\/p>\n<h2 style=\"text-align: center;\">L&#8217;automatitzaci\u00f3 d&#8217;edificis<\/h2>\n<p style=\"text-align: center;\">Els nous sistemes per a edificacions, anomenats <strong>BMS (Building Management Systems)<\/strong>, aposten per una intel\u00b7lig\u00e8ncia distribu\u00efda:<\/p>\n<p style=\"text-align: center;\">Sistemes com <strong>LonWorks<\/strong> o <a href=\"https:\/\/www.knx.org\/knx-es\/para-profesionales\/\" target=\"_blank\" rel=\"noopener\"><strong>KNX<\/strong><\/a>, en ess\u00e8ncia, estan formats per sensors i actuadors.<\/p>\n<p style=\"text-align: center;\">No hi ha un controlador \u00fanic.<\/p>\n<p style=\"text-align: center;\">Els sensors recullen informaci\u00f3 i els actuadors, en funci\u00f3 de la parametritzaci\u00f3 realitzada, actuen en conseq\u00fc\u00e8ncia.<\/p>\n<p style=\"text-align: center;\">La comunicaci\u00f3 es realitza amb un <strong>BUS i protocols de comunicaci\u00f3 estandarditzats<\/strong> i oberts de manera que la instal\u00b7laci\u00f3 pugui ser integrada per elements de diferents fabricants.<\/p>\n<p>[\/vc_column_text][\/vc_column][\/vc_row][vc_row css=&#8221;.vc_custom_1514547701578{margin-top: 60px !important;margin-bottom: 60px !important;}&#8221;][vc_column][vc_column_text]<\/p>\n<h2 style=\"text-align: center;\">Estructura centralitzada on una sola CPU rep tota la programaci\u00f3.<\/h2>\n<p style=\"text-align: center;\">Durant el disseny s&#8217;ha de prendre la precauci\u00f3 d&#8217;atorgar la m\u00e0xima independ\u00e8ncia a cada part de la instal\u00b7laci\u00f3 per a evitar avaries en cascada o caigudes de sistema que deixin inoperatives les instal\u00b7lacions<\/p>\n<p>[\/vc_column_text][\/vc_column][\/vc_row][vc_row css=&#8221;.vc_custom_1514547701578{margin-top: 60px !important;margin-bottom: 60px !important;}&#8221;][vc_column][vc_single_image image=&#8221;2500&#8243; img_size=&#8221;medium&#8221; alignment=&#8221;center&#8221;][\/vc_column][\/vc_row][vc_row gap=&#8221;15&#8243; css=&#8221;.vc_custom_1514547283223{margin-top: 80px !important;margin-bottom: 80px !important;}&#8221;][vc_column 0=&#8221;&#8221;][vc_message message_box_style=&#8221;solid-icon&#8221; message_box_color=&#8221;warning&#8221;]Gr\u00e0cies a la <strong>imm\u00f2tica i l&#8217;automatitzaci\u00f3 d&#8217;edificis<\/strong>, s&#8217;integren diferents protocols i tecnologies, tota la gesti\u00f3 energ\u00e8tica i d&#8217;instal\u00b7lacions per a poder visualitzar i controlar les edificacions, gestionar despeses energ\u00e8tiques i control d&#8217;avaries en temps real.[\/vc_message][\/vc_column][\/vc_row][vc_row full_width=&#8221;stretch_row_content&#8221; parallax=&#8221;content-moving&#8221; parallax_image=&#8221;720&#8243;][vc_column][vc_column_text]<\/p>\n<h2 style=\"text-align: center;\">Qu\u00e8 podem fer per a tu<\/h2>\n<p style=\"text-align: center;\">Posa&#8217;t en contacte amb nosaltres<\/p>\n<p>[\/vc_column_text][vc_btn title=&#8221;Contacte&#8221; style=&#8221;flat&#8221; color=&#8221;white&#8221; align=&#8221;center&#8221; link=&#8221;url:https%3A%2F%2Fwww.signum.cat%2Fca%2Fcontacta-amb-nososaltres%2F&#8221;][\/vc_column][\/vc_row]<\/p>\n<\/section>","protected":false},"excerpt":{"rendered":"<p>[vc_row full_width=&#8221;stretch_row_content&#8221; parallax=&#8221;content-moving&#8221; parallax_image=&#8221;914&#8243; css=&#8221;.vc_custom_1517228101847{padding-top: 130px !important;padding-bottom: 130px !important;}&#8221;][vc_column 0=&#8221;&#8221;][vc_custom_heading text=&#8221;Sistemes d&#8217;Automatitzaci\u00f3 en Edificis&#8221; font_container=&#8221;tag:h1|text_align:center|color:%23ea9c00&#8243; use_theme_fonts=&#8221;yes&#8221; css_animation=&#8221;fadeInUp&#8221;][\/vc_column][\/vc_row][vc_row css=&#8221;.vc_custom_1514547252222{margin-top: 60px !important;margin-bottom: 60px !important;}&#8221;][vc_column][vc_column_text] En qu\u00e8 consisteix l&#8217;automatitzaci\u00f3 d&#8217;edificis? S\u00f3n els sistemes d&#8217;automatitzaci\u00f3 d&#8217;edificis els que s&#8217;encarreguen principalment de controlar el sistema de calefacci\u00f3, l&#8217;aire condicionat d&#8217;un edifici i que permeten gestionar i controlar efica\u00e7ment l&#8217;energia, el&#8230;<\/p>\n","protected":false},"author":2,"featured_media":914,"parent":0,"menu_order":0,"comment_status":"closed","ping_status":"closed","template":"","meta":{"_kad_post_transparent":"default","_kad_post_title":"default","_kad_post_layout":"default","_kad_post_sidebar_id":"","_kad_post_content_style":"default","_kad_post_vertical_padding":"default","_kad_post_feature":"","_kad_post_feature_position":"","_kad_post_header":false,"_kad_post_footer":false,"footnotes":"","_joinchat":[]},"yoast_head":"<!-- This site is optimized with the Yoast SEO plugin v21.7 - https:\/\/yoast.com\/wordpress\/plugins\/seo\/ -->\n<title>Automatitzaci\u00f3 d&#039;edificis a Barcelona - SIGNUM<\/title>\n<meta name=\"description\" content=\"Un sistema d&#039;automatitzaci\u00f3 d&#039;edificis s&#039;encarrega principalment de controlar el sistema de refrigeraci\u00f3 d&#039;un edifici.\" \/>\n<meta name=\"robots\" content=\"index, follow, max-snippet:-1, max-image-preview:large, max-video-preview:-1\" \/>\n<link rel=\"canonical\" href=\"https:\/\/www.signum.cat\/ca\/automatitzacio-dedificis\/\" \/>\n<meta property=\"og:locale\" content=\"ca_ES\" \/>\n<meta property=\"og:type\" content=\"article\" \/>\n<meta property=\"og:title\" content=\"Automatitzaci\u00f3 d&#039;edificis a Barcelona - SIGNUM\" \/>\n<meta property=\"og:description\" content=\"Un sistema d&#039;automatitzaci\u00f3 d&#039;edificis s&#039;encarrega principalment de controlar el sistema de refrigeraci\u00f3 d&#039;un edifici.\" \/>\n<meta property=\"og:url\" content=\"https:\/\/www.signum.cat\/ca\/automatitzacio-dedificis\/\" \/>\n<meta property=\"og:site_name\" content=\"SIGNUM\" \/>\n<meta property=\"article:modified_time\" content=\"2021-10-29T10:32:02+00:00\" \/>\n<meta property=\"og:image\" content=\"https:\/\/www.signum.cat\/wp-content\/uploads\/2018\/01\/immotica-2.jpg\" \/>\n\t<meta property=\"og:image:width\" content=\"1920\" \/>\n\t<meta property=\"og:image:height\" content=\"763\" \/>\n\t<meta property=\"og:image:type\" content=\"image\/jpeg\" \/>\n<meta name=\"twitter:card\" content=\"summary_large_image\" \/>\n<meta name=\"twitter:label1\" content=\"Est. reading time\" \/>\n\t<meta name=\"twitter:data1\" content=\"3 minutes\" \/>\n<script type=\"application\/ld+json\" class=\"yoast-schema-graph\">{\"@context\":\"https:\/\/schema.org\",\"@graph\":[{\"@type\":\"WebPage\",\"@id\":\"https:\/\/www.signum.cat\/ca\/automatitzacio-dedificis\/\",\"url\":\"https:\/\/www.signum.cat\/ca\/automatitzacio-dedificis\/\",\"name\":\"Automatitzaci\u00f3 d'edificis a Barcelona - SIGNUM\",\"isPartOf\":{\"@id\":\"https:\/\/www.signum.cat\/#website\"},\"datePublished\":\"2017-12-14T11:26:24+00:00\",\"dateModified\":\"2021-10-29T10:32:02+00:00\",\"description\":\"Un sistema d'automatitzaci\u00f3 d'edificis s'encarrega principalment de controlar el sistema de refrigeraci\u00f3 d'un edifici.\",\"breadcrumb\":{\"@id\":\"https:\/\/www.signum.cat\/ca\/automatitzacio-dedificis\/#breadcrumb\"},\"inLanguage\":\"ca-ES\",\"potentialAction\":[{\"@type\":\"ReadAction\",\"target\":[\"https:\/\/www.signum.cat\/ca\/automatitzacio-dedificis\/\"]}]},{\"@type\":\"BreadcrumbList\",\"@id\":\"https:\/\/www.signum.cat\/ca\/automatitzacio-dedificis\/#breadcrumb\",\"itemListElement\":[{\"@type\":\"ListItem\",\"position\":1,\"name\":\"Portada\",\"item\":\"https:\/\/www.signum.cat\/ca\/\"},{\"@type\":\"ListItem\",\"position\":2,\"name\":\"Automatitzaci\u00f3 d&#8217;edificis\"}]},{\"@type\":\"WebSite\",\"@id\":\"https:\/\/www.signum.cat\/#website\",\"url\":\"https:\/\/www.signum.cat\/\",\"name\":\"SIGNUM\",\"description\":\"Electricidad, dom\u00f3tica e inm\u00f3tica\",\"publisher\":{\"@id\":\"https:\/\/www.signum.cat\/#organization\"},\"potentialAction\":[{\"@type\":\"SearchAction\",\"target\":{\"@type\":\"EntryPoint\",\"urlTemplate\":\"https:\/\/www.signum.cat\/?s={search_term_string}\"},\"query-input\":\"required name=search_term_string\"}],\"inLanguage\":\"ca-ES\"},{\"@type\":\"Organization\",\"@id\":\"https:\/\/www.signum.cat\/#organization\",\"name\":\"SIGNUM\",\"url\":\"https:\/\/www.signum.cat\/\",\"logo\":{\"@type\":\"ImageObject\",\"inLanguage\":\"ca-ES\",\"@id\":\"https:\/\/www.signum.cat\/#\/schema\/logo\/image\/\",\"url\":\"https:\/\/www.signum.cat\/wp-content\/uploads\/2021\/02\/Logo-SIGNUM-Favicon-1.png\",\"contentUrl\":\"https:\/\/www.signum.cat\/wp-content\/uploads\/2021\/02\/Logo-SIGNUM-Favicon-1.png\",\"width\":80,\"height\":73,\"caption\":\"SIGNUM\"},\"image\":{\"@id\":\"https:\/\/www.signum.cat\/#\/schema\/logo\/image\/\"}}]}<\/script>\n<!-- \/ Yoast SEO plugin. -->","yoast_head_json":{"title":"Automatitzaci\u00f3 d'edificis a Barcelona - SIGNUM","description":"Un sistema d'automatitzaci\u00f3 d'edificis s'encarrega principalment de controlar el sistema de refrigeraci\u00f3 d'un edifici.","robots":{"index":"index","follow":"follow","max-snippet":"max-snippet:-1","max-image-preview":"max-image-preview:large","max-video-preview":"max-video-preview:-1"},"canonical":"https:\/\/www.signum.cat\/ca\/automatitzacio-dedificis\/","og_locale":"ca_ES","og_type":"article","og_title":"Automatitzaci\u00f3 d'edificis a Barcelona - SIGNUM","og_description":"Un sistema d'automatitzaci\u00f3 d'edificis s'encarrega principalment de controlar el sistema de refrigeraci\u00f3 d'un edifici.","og_url":"https:\/\/www.signum.cat\/ca\/automatitzacio-dedificis\/","og_site_name":"SIGNUM","article_modified_time":"2021-10-29T10:32:02+00:00","og_image":[{"width":1920,"height":763,"url":"https:\/\/www.signum.cat\/wp-content\/uploads\/2018\/01\/immotica-2.jpg","type":"image\/jpeg"}],"twitter_card":"summary_large_image","twitter_misc":{"Est. reading time":"3 minutes"},"schema":{"@context":"https:\/\/schema.org","@graph":[{"@type":"WebPage","@id":"https:\/\/www.signum.cat\/ca\/automatitzacio-dedificis\/","url":"https:\/\/www.signum.cat\/ca\/automatitzacio-dedificis\/","name":"Automatitzaci\u00f3 d'edificis a Barcelona - SIGNUM","isPartOf":{"@id":"https:\/\/www.signum.cat\/#website"},"datePublished":"2017-12-14T11:26:24+00:00","dateModified":"2021-10-29T10:32:02+00:00","description":"Un sistema d'automatitzaci\u00f3 d'edificis s'encarrega principalment de controlar el sistema de refrigeraci\u00f3 d'un edifici.","breadcrumb":{"@id":"https:\/\/www.signum.cat\/ca\/automatitzacio-dedificis\/#breadcrumb"},"inLanguage":"ca-ES","potentialAction":[{"@type":"ReadAction","target":["https:\/\/www.signum.cat\/ca\/automatitzacio-dedificis\/"]}]},{"@type":"BreadcrumbList","@id":"https:\/\/www.signum.cat\/ca\/automatitzacio-dedificis\/#breadcrumb","itemListElement":[{"@type":"ListItem","position":1,"name":"Portada","item":"https:\/\/www.signum.cat\/ca\/"},{"@type":"ListItem","position":2,"name":"Automatitzaci\u00f3 d&#8217;edificis"}]},{"@type":"WebSite","@id":"https:\/\/www.signum.cat\/#website","url":"https:\/\/www.signum.cat\/","name":"SIGNUM","description":"Electricidad, dom\u00f3tica e inm\u00f3tica","publisher":{"@id":"https:\/\/www.signum.cat\/#organization"},"potentialAction":[{"@type":"SearchAction","target":{"@type":"EntryPoint","urlTemplate":"https:\/\/www.signum.cat\/?s={search_term_string}"},"query-input":"required name=search_term_string"}],"inLanguage":"ca-ES"},{"@type":"Organization","@id":"https:\/\/www.signum.cat\/#organization","name":"SIGNUM","url":"https:\/\/www.signum.cat\/","logo":{"@type":"ImageObject","inLanguage":"ca-ES","@id":"https:\/\/www.signum.cat\/#\/schema\/logo\/image\/","url":"https:\/\/www.signum.cat\/wp-content\/uploads\/2021\/02\/Logo-SIGNUM-Favicon-1.png","contentUrl":"https:\/\/www.signum.cat\/wp-content\/uploads\/2021\/02\/Logo-SIGNUM-Favicon-1.png","width":80,"height":73,"caption":"SIGNUM"},"image":{"@id":"https:\/\/www.signum.cat\/#\/schema\/logo\/image\/"}}]}},"_links":{"self":[{"href":"https:\/\/www.signum.cat\/ca\/wp-json\/wp\/v2\/pages\/270"}],"collection":[{"href":"https:\/\/www.signum.cat\/ca\/wp-json\/wp\/v2\/pages"}],"about":[{"href":"https:\/\/www.signum.cat\/ca\/wp-json\/wp\/v2\/types\/page"}],"author":[{"embeddable":true,"href":"https:\/\/www.signum.cat\/ca\/wp-json\/wp\/v2\/users\/2"}],"replies":[{"embeddable":true,"href":"https:\/\/www.signum.cat\/ca\/wp-json\/wp\/v2\/comments?post=270"}],"version-history":[{"count":48,"href":"https:\/\/www.signum.cat\/ca\/wp-json\/wp\/v2\/pages\/270\/revisions"}],"predecessor-version":[{"id":722,"href":"https:\/\/www.signum.cat\/ca\/wp-json\/wp\/v2\/pages\/270\/revisions\/722"}],"wp:featuredmedia":[{"embeddable":true,"href":"https:\/\/www.signum.cat\/ca\/wp-json\/wp\/v2\/media\/914"}],"wp:attachment":[{"href":"https:\/\/www.signum.cat\/ca\/wp-json\/wp\/v2\/media?parent=270"}],"curies":[{"name":"wp","href":"https:\/\/api.w.org\/{rel}","templated":true}]}}