{"id":36,"date":"2017-11-09T11:17:43","date_gmt":"2017-11-09T11:17:43","guid":{"rendered":"https:\/\/www.signum.cat?page_id=36"},"modified":"2023-01-25T12:58:36","modified_gmt":"2023-01-25T11:58:36","slug":"contacta-amb-nososaltres","status":"publish","type":"page","link":"https:\/\/www.signum.cat\/ca\/contacta-amb-nososaltres\/","title":{"rendered":"Contacta amb Nososaltres"},"content":{"rendered":"<section class=\"wpb-content-wrapper\"><p>[vc_row][vc_column][\/vc_column][\/vc_row][vc_row full_width=&#8221;stretch_row_content_no_spaces&#8221;][vc_column][vc_gmaps link=&#8221;#E-8_JTNDaWZyYW1lJTIwc3JjJTNEJTIyaHR0cHMlM0ElMkYlMkZ3d3cuZ29vZ2xlLmNvbSUyRm1hcHMlMkZlbWJlZCUzRnBiJTNEJTIxMW0xOCUyMTFtMTIlMjExbTMlMjExZDI5OTIuODY5MjQ5OTYyMDg2JTIxMmQyLjE4MTI2NjYxNTE0ODY3NCUyMTNkNDEuMzk4NjQ1Nzc5MjYzJTIxMm0zJTIxMWYwJTIxMmYwJTIxM2YwJTIxM20yJTIxMWkxMDI0JTIxMmk3NjglMjE0ZjEzLjElMjEzbTMlMjExbTIlMjExczB4MTJhNGEyZTAzMGI3ODY0OSUyNTNBMHg4NGY0ZjJkNWFhNTU1OTgwJTIxMnNDYXJyZXIlMkJkZSUyQlJpYmVzJTI1MkMlMkI0MiUyNTJDJTJCMDgwMTMlMkJCYXJjZWxvbmElMjE1ZTAlMjEzbTIlMjExc2NhJTIxMnNlcyUyMTR2MTUxNzIyNTA1ODIzMyUyMiUyMHdpZHRoJTNEJTIyNjAwJTIyJTIwaGVpZ2h0JTNEJTIyNDUwJTIyJTIwZnJhbWVib3JkZXIlM0QlMjIwJTIyJTIwc3R5bGUlM0QlMjJib3JkZXIlM0EwJTIyJTIwYWxsb3dmdWxsc2NyZWVuJTNFJTNDJTJGaWZyYW1lJTNF&#8221;][vc_row_inner][vc_column_inner][vc_empty_space height=&#8221;60&#8243;][\/vc_column_inner][\/vc_row_inner][\/vc_column][\/vc_row][vc_row el_id=&#8221;contacte&#8221;][vc_column][vc_column_text css_animation=&#8221;fadeInUp&#8221;]<\/p>\n<h2 style=\"text-align: center;\">Necessites posar-te en contacte amb nosaltres?<\/h2>\n<p style=\"text-align: center;\">Pots emplenar el nostre formulari per a enviar un missatge al nostre equip d&#8217;atenci\u00f3 al client.<br \/>\nTractarem de respondre el teu missatge en un termini de 48h.<\/p>\n<p>[\/vc_column_text][vc_row_inner][vc_column_inner][vc_empty_space height=&#8221;100&#8243;][\/vc_column_inner][\/vc_row_inner][\/vc_column][\/vc_row][vc_section][vc_row][vc_column width=&#8221;1\/2&#8243;][vc_single_image image=&#8221;1818&#8243; img_size=&#8221;full&#8221; alignment=&#8221;center&#8221;][vc_column_text]<\/p>\n<h4 style=\"text-align: left;\">Adre\u00e7a:<\/h4>\n<p style=\"text-align: left;\">C. de Ribes, 42-44,<br \/>\n08013 Barcelona<\/p>\n<h4 style=\"text-align: left;\">Horaris:<\/h4>\n<p style=\"text-align: left;\">De dilluns a dijous de 9:00 a 13:00 hs. i de 16:00 a 19:00 hs.<\/p>\n<p>Divendres de\u00a09 a 13 hs.<\/p>\n<h4 style=\"text-align: left;\">Tel\u00e8fon:<\/h4>\n<p style=\"text-align: left;\"><span class=\"_Xbe _ZWk kno-fv\"><span data-dtype=\"d3ph\" data-local-attribute=\"d3ph\">930 10 10 85<\/span><\/span><\/p>\n<p>[\/vc_column_text][vc_row_inner][vc_column_inner][\/vc_column_inner][\/vc_row_inner][\/vc_column][vc_column width=&#8221;1\/2&#8243;]\n<div class=\"wpcf7 no-js\" id=\"wpcf7-f30-o1\" lang=\"es-ES\" dir=\"ltr\">\n<div class=\"screen-reader-response\"><p role=\"status\" aria-live=\"polite\" aria-atomic=\"true\"><\/p> <ul><\/ul><\/div>\n<form action=\"\/ca\/wp-json\/wp\/v2\/pages\/36#wpcf7-f30-o1\" method=\"post\" class=\"wpcf7-form init\" aria-label=\"Contact form\" novalidate=\"novalidate\" data-status=\"init\">\n<div style=\"display: none;\">\n<input type=\"hidden\" name=\"_wpcf7\" value=\"30\" \/>\n<input type=\"hidden\" name=\"_wpcf7_version\" value=\"5.8.5\" \/>\n<input type=\"hidden\" name=\"_wpcf7_locale\" value=\"es_ES\" \/>\n<input type=\"hidden\" name=\"_wpcf7_unit_tag\" value=\"wpcf7-f30-o1\" \/>\n<input type=\"hidden\" name=\"_wpcf7_container_post\" value=\"0\" \/>\n<input type=\"hidden\" name=\"_wpcf7_posted_data_hash\" value=\"\" \/>\n<input type=\"hidden\" name=\"_wpcf7_recaptcha_response\" value=\"\" \/>\n<\/div>\n<p><label> Noms i Cognoms (requerit)<br \/>\n<span class=\"wpcf7-form-control-wrap\" data-name=\"your-name\"><input size=\"40\" class=\"wpcf7-form-control wpcf7-text wpcf7-validates-as-required\" aria-required=\"true\" aria-invalid=\"false\" value=\"\" type=\"text\" name=\"your-name\" \/><\/span> <\/label>\n<\/p>\n<p><label> El teu correu electr\u00f2nic (requerit)<br \/>\n<span class=\"wpcf7-form-control-wrap\" data-name=\"your-email\"><input size=\"40\" class=\"wpcf7-form-control wpcf7-email wpcf7-validates-as-required wpcf7-text wpcf7-validates-as-email\" aria-required=\"true\" aria-invalid=\"false\" value=\"\" type=\"email\" name=\"your-email\" \/><\/span> <\/label>\n<\/p>\n<p><label> Assumpte<br \/>\n<span class=\"wpcf7-form-control-wrap\" data-name=\"your-subject\"><input size=\"40\" class=\"wpcf7-form-control wpcf7-text\" aria-invalid=\"false\" value=\"\" type=\"text\" name=\"your-subject\" \/><\/span> <\/label>\n<\/p>\n<p><label> El teu missatge<br \/>\n<span class=\"wpcf7-form-control-wrap\" data-name=\"your-message\"><textarea cols=\"40\" rows=\"10\" class=\"wpcf7-form-control wpcf7-textarea\" aria-invalid=\"false\" name=\"your-message\"><\/textarea><\/span> <\/label>\n<\/p>\n<p><span class=\"wpcf7-form-control-wrap\" data-name=\"acceptance-405\"><span class=\"wpcf7-form-control wpcf7-acceptance\"><span class=\"wpcf7-list-item\"><input type=\"checkbox\" name=\"acceptance-405\" value=\"1\" aria-invalid=\"false\" \/><\/span><\/span><\/span> Accepto les condicions d'\u00fas i la nostra<a href=\"https:\/\/www.signum.cat\/politica-de-privacitat\/\" target=\"blank\" rel=\"nofollow\" style=\"text-decoration:underline\";> Pol\u00edtica de Privacitat<\/a>\n<\/p>\n<p style=\"font-size:12px\";><strong>Informaci\u00f3 b\u00e0sica sobre Protecci\u00f3 de Dades<\/strong>: Responsable Signum 2008 SL. Finalitat: Prestaci\u00f3 de serveis online, gesti\u00f3 d'usuaris web, comunicacions comercials relacionades amb els nostres serveis. Legitimaci\u00f3 Consentiment: expr\u00e9s i inter\u00e8s leg\u00edtim. Destinataris: No es cedeixen dades a tercers, excepte obligaci\u00f3 legal.Drets: Accedir, rectificar i suprimir les dades, aix\u00ed com altres drets, com s'explica en la informaci\u00f3 addicional. Informaci\u00f3 addicional Pot consultar la informaci\u00f3 addicional i detallada sobre Protecci\u00f3 de Dades en les cl\u00e0usules annexes que es troben en https:\/\/www.signum.cat\/ca\/politica-de-privacitat\/.\n<\/p>\n\n<p><input class=\"wpcf7-form-control wpcf7-submit has-spinner\" type=\"submit\" value=\"Enviar\" \/>\n<\/p><div class=\"wpcf7-response-output\" aria-hidden=\"true\"><\/div>\n<\/form>\n<\/div>\n[\/vc_column][\/vc_row][\/vc_section][vc_row full_width=&#8221;stretch_row_content&#8221;][vc_column][vc_empty_space height=&#8221;100&#8243;][\/vc_column][\/vc_row]<\/p>\n<\/section>","protected":false},"excerpt":{"rendered":"<p>[vc_row][vc_column][\/vc_column][\/vc_row][vc_row full_width=&#8221;stretch_row_content_no_spaces&#8221;][vc_column][vc_gmaps link=&#8221;#E-8_JTNDaWZyYW1lJTIwc3JjJTNEJTIyaHR0cHMlM0ElMkYlMkZ3d3cuZ29vZ2xlLmNvbSUyRm1hcHMlMkZlbWJlZCUzRnBiJTNEJTIxMW0xOCUyMTFtMTIlMjExbTMlMjExZDI5OTIuODY5MjQ5OTYyMDg2JTIxMmQyLjE4MTI2NjYxNTE0ODY3NCUyMTNkNDEuMzk4NjQ1Nzc5MjYzJTIxMm0zJTIxMWYwJTIxMmYwJTIxM2YwJTIxM20yJTIxMWkxMDI0JTIxMmk3NjglMjE0ZjEzLjElMjEzbTMlMjExbTIlMjExczB4MTJhNGEyZTAzMGI3ODY0OSUyNTNBMHg4NGY0ZjJkNWFhNTU1OTgwJTIxMnNDYXJyZXIlMkJkZSUyQlJpYmVzJTI1MkMlMkI0MiUyNTJDJTJCMDgwMTMlMkJCYXJjZWxvbmElMjE1ZTAlMjEzbTIlMjExc2NhJTIxMnNlcyUyMTR2MTUxNzIyNTA1ODIzMyUyMiUyMHdpZHRoJTNEJTIyNjAwJTIyJTIwaGVpZ2h0JTNEJTIyNDUwJTIyJTIwZnJhbWVib3JkZXIlM0QlMjIwJTIyJTIwc3R5bGUlM0QlMjJib3JkZXIlM0EwJTIyJTIwYWxsb3dmdWxsc2NyZWVuJTNFJTNDJTJGaWZyYW1lJTNF&#8221;][vc_row_inner][vc_column_inner][vc_empty_space height=&#8221;60&#8243;][\/vc_column_inner][\/vc_row_inner][\/vc_column][\/vc_row][vc_row el_id=&#8221;contacte&#8221;][vc_column][vc_column_text css_animation=&#8221;fadeInUp&#8221;] Necessites posar-te en contacte amb nosaltres? Pots emplenar el nostre formulari per a enviar un missatge al nostre equip d&#8217;atenci\u00f3 al client. Tractarem de respondre el teu missatge en un termini de 48h. [\/vc_column_text][vc_row_inner][vc_column_inner][vc_empty_space height=&#8221;100&#8243;][\/vc_column_inner][\/vc_row_inner][\/vc_column][\/vc_row][vc_section][vc_row][vc_column width=&#8221;1\/2&#8243;][vc_single_image image=&#8221;1818&#8243; img_size=&#8221;full&#8221; alignment=&#8221;center&#8221;][vc_column_text] Adre\u00e7a: C. de Ribes, 42-44, 08013 Barcelona Horaris: De dilluns&#8230;<\/p>\n","protected":false},"author":2,"featured_media":1818,"parent":0,"menu_order":0,"comment_status":"closed","ping_status":"closed","template":"","meta":{"_kad_post_transparent":"default","_kad_post_title":"default","_kad_post_layout":"default","_kad_post_sidebar_id":"","_kad_post_content_style":"default","_kad_post_vertical_padding":"default","_kad_post_feature":"","_kad_post_feature_position":"","_kad_post_header":false,"_kad_post_footer":false,"footnotes":"","_joinchat":[]},"yoast_head":"<!-- This site is optimized with the Yoast SEO plugin v21.7 - https:\/\/yoast.com\/wordpress\/plugins\/seo\/ -->\n<title>Contacta amb Nososaltres - SIGNUM<\/title>\n<meta name=\"description\" content=\"Contacta amb nosaltres per demanar m\u00e9s informaci\u00f3. Pots emplenar el nostre formulari per a enviar un missatge al nostre equip.\" \/>\n<meta name=\"robots\" content=\"index, follow, max-snippet:-1, max-image-preview:large, max-video-preview:-1\" \/>\n<link rel=\"canonical\" href=\"https:\/\/www.signum.cat\/ca\/contacta-amb-nososaltres\/\" \/>\n<meta property=\"og:locale\" content=\"ca_ES\" \/>\n<meta property=\"og:type\" content=\"article\" \/>\n<meta property=\"og:title\" content=\"Contacta amb Nososaltres - SIGNUM\" \/>\n<meta property=\"og:description\" content=\"Contacta amb nosaltres per demanar m\u00e9s informaci\u00f3. Pots emplenar el nostre formulari per a enviar un missatge al nostre equip.\" \/>\n<meta property=\"og:url\" content=\"https:\/\/www.signum.cat\/ca\/contacta-amb-nososaltres\/\" \/>\n<meta property=\"og:site_name\" content=\"SIGNUM\" \/>\n<meta property=\"article:modified_time\" content=\"2023-01-25T11:58:36+00:00\" \/>\n<meta property=\"og:image\" content=\"https:\/\/www.signum.cat\/wp-content\/uploads\/2021\/04\/Signum-Contacto.jpg\" \/>\n\t<meta property=\"og:image:width\" content=\"719\" \/>\n\t<meta property=\"og:image:height\" content=\"439\" \/>\n\t<meta property=\"og:image:type\" content=\"image\/jpeg\" \/>\n<meta name=\"twitter:card\" content=\"summary_large_image\" \/>\n<meta name=\"twitter:label1\" content=\"Est. reading time\" \/>\n\t<meta name=\"twitter:data1\" content=\"1 minute\" \/>\n<script type=\"application\/ld+json\" class=\"yoast-schema-graph\">{\"@context\":\"https:\/\/schema.org\",\"@graph\":[{\"@type\":\"WebPage\",\"@id\":\"https:\/\/www.signum.cat\/ca\/contacta-amb-nososaltres\/\",\"url\":\"https:\/\/www.signum.cat\/ca\/contacta-amb-nososaltres\/\",\"name\":\"Contacta amb Nososaltres - SIGNUM\",\"isPartOf\":{\"@id\":\"https:\/\/www.signum.cat\/#website\"},\"datePublished\":\"2017-11-09T11:17:43+00:00\",\"dateModified\":\"2023-01-25T11:58:36+00:00\",\"description\":\"Contacta amb nosaltres per demanar m\u00e9s informaci\u00f3. Pots emplenar el nostre formulari per a enviar un missatge al nostre equip.\",\"breadcrumb\":{\"@id\":\"https:\/\/www.signum.cat\/ca\/contacta-amb-nososaltres\/#breadcrumb\"},\"inLanguage\":\"ca-ES\",\"potentialAction\":[{\"@type\":\"ReadAction\",\"target\":[\"https:\/\/www.signum.cat\/ca\/contacta-amb-nososaltres\/\"]}]},{\"@type\":\"BreadcrumbList\",\"@id\":\"https:\/\/www.signum.cat\/ca\/contacta-amb-nososaltres\/#breadcrumb\",\"itemListElement\":[{\"@type\":\"ListItem\",\"position\":1,\"name\":\"Portada\",\"item\":\"https:\/\/www.signum.cat\/ca\/\"},{\"@type\":\"ListItem\",\"position\":2,\"name\":\"Contacta amb Nososaltres\"}]},{\"@type\":\"WebSite\",\"@id\":\"https:\/\/www.signum.cat\/#website\",\"url\":\"https:\/\/www.signum.cat\/\",\"name\":\"SIGNUM\",\"description\":\"Electricidad, dom\u00f3tica e inm\u00f3tica\",\"publisher\":{\"@id\":\"https:\/\/www.signum.cat\/#organization\"},\"potentialAction\":[{\"@type\":\"SearchAction\",\"target\":{\"@type\":\"EntryPoint\",\"urlTemplate\":\"https:\/\/www.signum.cat\/?s={search_term_string}\"},\"query-input\":\"required name=search_term_string\"}],\"inLanguage\":\"ca-ES\"},{\"@type\":\"Organization\",\"@id\":\"https:\/\/www.signum.cat\/#organization\",\"name\":\"SIGNUM\",\"url\":\"https:\/\/www.signum.cat\/\",\"logo\":{\"@type\":\"ImageObject\",\"inLanguage\":\"ca-ES\",\"@id\":\"https:\/\/www.signum.cat\/#\/schema\/logo\/image\/\",\"url\":\"https:\/\/www.signum.cat\/wp-content\/uploads\/2021\/02\/Logo-SIGNUM-Favicon-1.png\",\"contentUrl\":\"https:\/\/www.signum.cat\/wp-content\/uploads\/2021\/02\/Logo-SIGNUM-Favicon-1.png\",\"width\":80,\"height\":73,\"caption\":\"SIGNUM\"},\"image\":{\"@id\":\"https:\/\/www.signum.cat\/#\/schema\/logo\/image\/\"}}]}<\/script>\n<!-- \/ Yoast SEO plugin. -->","yoast_head_json":{"title":"Contacta amb Nososaltres - SIGNUM","description":"Contacta amb nosaltres per demanar m\u00e9s informaci\u00f3. Pots emplenar el nostre formulari per a enviar un missatge al nostre equip.","robots":{"index":"index","follow":"follow","max-snippet":"max-snippet:-1","max-image-preview":"max-image-preview:large","max-video-preview":"max-video-preview:-1"},"canonical":"https:\/\/www.signum.cat\/ca\/contacta-amb-nososaltres\/","og_locale":"ca_ES","og_type":"article","og_title":"Contacta amb Nososaltres - SIGNUM","og_description":"Contacta amb nosaltres per demanar m\u00e9s informaci\u00f3. Pots emplenar el nostre formulari per a enviar un missatge al nostre equip.","og_url":"https:\/\/www.signum.cat\/ca\/contacta-amb-nososaltres\/","og_site_name":"SIGNUM","article_modified_time":"2023-01-25T11:58:36+00:00","og_image":[{"width":719,"height":439,"url":"https:\/\/www.signum.cat\/wp-content\/uploads\/2021\/04\/Signum-Contacto.jpg","type":"image\/jpeg"}],"twitter_card":"summary_large_image","twitter_misc":{"Est. reading time":"1 minute"},"schema":{"@context":"https:\/\/schema.org","@graph":[{"@type":"WebPage","@id":"https:\/\/www.signum.cat\/ca\/contacta-amb-nososaltres\/","url":"https:\/\/www.signum.cat\/ca\/contacta-amb-nososaltres\/","name":"Contacta amb Nososaltres - SIGNUM","isPartOf":{"@id":"https:\/\/www.signum.cat\/#website"},"datePublished":"2017-11-09T11:17:43+00:00","dateModified":"2023-01-25T11:58:36+00:00","description":"Contacta amb nosaltres per demanar m\u00e9s informaci\u00f3. Pots emplenar el nostre formulari per a enviar un missatge al nostre equip.","breadcrumb":{"@id":"https:\/\/www.signum.cat\/ca\/contacta-amb-nososaltres\/#breadcrumb"},"inLanguage":"ca-ES","potentialAction":[{"@type":"ReadAction","target":["https:\/\/www.signum.cat\/ca\/contacta-amb-nososaltres\/"]}]},{"@type":"BreadcrumbList","@id":"https:\/\/www.signum.cat\/ca\/contacta-amb-nososaltres\/#breadcrumb","itemListElement":[{"@type":"ListItem","position":1,"name":"Portada","item":"https:\/\/www.signum.cat\/ca\/"},{"@type":"ListItem","position":2,"name":"Contacta amb Nososaltres"}]},{"@type":"WebSite","@id":"https:\/\/www.signum.cat\/#website","url":"https:\/\/www.signum.cat\/","name":"SIGNUM","description":"Electricidad, dom\u00f3tica e inm\u00f3tica","publisher":{"@id":"https:\/\/www.signum.cat\/#organization"},"potentialAction":[{"@type":"SearchAction","target":{"@type":"EntryPoint","urlTemplate":"https:\/\/www.signum.cat\/?s={search_term_string}"},"query-input":"required name=search_term_string"}],"inLanguage":"ca-ES"},{"@type":"Organization","@id":"https:\/\/www.signum.cat\/#organization","name":"SIGNUM","url":"https:\/\/www.signum.cat\/","logo":{"@type":"ImageObject","inLanguage":"ca-ES","@id":"https:\/\/www.signum.cat\/#\/schema\/logo\/image\/","url":"https:\/\/www.signum.cat\/wp-content\/uploads\/2021\/02\/Logo-SIGNUM-Favicon-1.png","contentUrl":"https:\/\/www.signum.cat\/wp-content\/uploads\/2021\/02\/Logo-SIGNUM-Favicon-1.png","width":80,"height":73,"caption":"SIGNUM"},"image":{"@id":"https:\/\/www.signum.cat\/#\/schema\/logo\/image\/"}}]}},"_links":{"self":[{"href":"https:\/\/www.signum.cat\/ca\/wp-json\/wp\/v2\/pages\/36"}],"collection":[{"href":"https:\/\/www.signum.cat\/ca\/wp-json\/wp\/v2\/pages"}],"about":[{"href":"https:\/\/www.signum.cat\/ca\/wp-json\/wp\/v2\/types\/page"}],"author":[{"embeddable":true,"href":"https:\/\/www.signum.cat\/ca\/wp-json\/wp\/v2\/users\/2"}],"replies":[{"embeddable":true,"href":"https:\/\/www.signum.cat\/ca\/wp-json\/wp\/v2\/comments?post=36"}],"version-history":[{"count":63,"href":"https:\/\/www.signum.cat\/ca\/wp-json\/wp\/v2\/pages\/36\/revisions"}],"predecessor-version":[{"id":2385,"href":"https:\/\/www.signum.cat\/ca\/wp-json\/wp\/v2\/pages\/36\/revisions\/2385"}],"wp:featuredmedia":[{"embeddable":true,"href":"https:\/\/www.signum.cat\/ca\/wp-json\/wp\/v2\/media\/1818"}],"wp:attachment":[{"href":"https:\/\/www.signum.cat\/ca\/wp-json\/wp\/v2\/media?parent=36"}],"curies":[{"name":"wp","href":"https:\/\/api.w.org\/{rel}","templated":true}]}}