{"id":809,"date":"2018-01-15T10:31:23","date_gmt":"2018-01-15T10:31:23","guid":{"rendered":"https:\/\/www.signum.cat\/?page_id=809"},"modified":"2021-01-25T13:44:13","modified_gmt":"2021-01-25T12:44:13","slug":"cookies","status":"publish","type":"page","link":"https:\/\/www.signum.cat\/ca\/cookies\/","title":{"rendered":"Cookies"},"content":{"rendered":"\n<h2 class=\"wp-block-heading\">Pol\u00edtica de cookies<\/h2>\n\n\n\n<p><br>En compliment amb el deure d&#8217;informaci\u00f3 recollit en l&#8217;apartat 2n de l&#8217;article 22 de la Llei 34\/2002, d&#8217;11 de Juliol, de Serveis de la Societat de la Informaci\u00f3 i del Comer\u00e7 Electr\u00f2nic, la present pol\u00edtica de cookies t\u00e9 per finalitat informar-te de manera clara i precisa sobre les cookies que s&#8217;utilitzen en el lloc web de Signum 2008 SL , https:\/\/www.signum.cat<\/p>\n\n\n\n<p><strong><br>Qu\u00e8 s\u00f3n les cookies?<br><\/strong><br>Una cookie \u00e9s un petit fitxer que els llocs web envien al navegador i es descarreguen en el teu ordinador. Les cookies permeten que la p\u00e0gina web emmagatzemi i recuperi la informaci\u00f3 sobre la teva visita, com el teu idioma preferit i altres opcions, amb la finalitat de millorar els serveis que s&#8217;ofereixen i contribuir a tenir una millor experi\u00e8ncia de navegaci\u00f3 per a l&#8217;usuari.<\/p>\n\n\n\n<p><br><strong>Tipus de cookies<\/strong><br><br>En funci\u00f3 de qui gestioni el domini des d&#8217;on s&#8217;envien les cookies i es tractin les dades, es distingir\u00e0 entre cookies pr\u00f2pies i cookies de tercers.<br>Les cookies tamb\u00e9 poden classificar-se segons el termini de temps que romanguin emmagatzemades en el navegador de l&#8217;usuari, distingint-se entre cookies de sessi\u00f3 o cookies persistents.<br><br>Finalment, en funci\u00f3 de la finalitat per a la qual es tracti la informaci\u00f3 recopilada, les cookies es poden classificar en les seg\u00fcents categories:<br><br>\u2022 Cookies t\u00e8cniques: permeten a l&#8217;usuari navegar per un lloc web i utilitzar alguns dels serveis oferts pel mateix (com, per exemple, les que serveixen per a recordar els elements integrants d&#8217;un carret de compra).<br>\u2022 Cookies de personalitzaci\u00f3: permeten que l&#8217;usuari accedeixi al lloc web amb unes caracter\u00edstiques determinades, com pot ser l&#8217;idioma.<br>\u2022 Cookies de seguretat: serveixen per a impedir o dificultar els atacs contra el lloc web.<br>\u2022 Cookies de complement per a intercanviar continguts socials: els anomenats plug-in, que permeten compartir continguts en xarxes socials.<br>\u2022 Cookies d&#8217;an\u00e0lisis: permeten al responsable el seguiment del comportament de l&#8217;usuari.<br>\u2022 Cookies publicit\u00e0ries: permeten gestionar els espais de publicitat del lloc web.<br>\u2022 Cookies de publicitat comportamental: com les anteriors, serveixen per a gestionar els espais de publicitat del lloc web en funci\u00f3 de la informaci\u00f3 recollida sobre el comportament de<br>l&#8217;usuari i els seus h\u00e0bits, adaptant la publicitat al perfil de l&#8217;usuari.<br>\u2022 Cookies de geolocalitzaci\u00f3: utilitzades per a esbrinar el pa\u00eds on es troba l&#8217;usuari.<\/p>\n\n\n\n<p><br><strong>Autoritzaci\u00f3 per a l\u2019\u00fas de cookies<\/strong><br><br>De conformitat amb l&#8217;av\u00eds de cookies que apareix en el lloc web, pots consentir expressament l&#8217;\u00fas de cookies que requereixin consentiment; no obstant aix\u00f2, l&#8217;\u00fas de cookies t\u00e8cniques o necess\u00e0ries no requereix de consentiment. Sense perjudici de tot aix\u00f2, pots modificar la configuraci\u00f3 del teu navegador per a rebutjar l&#8217;\u00fas de les cookies.<br><\/p>\n\n\n\n<p><strong>Com modificar la configuraci\u00f3 de les cookies<\/strong><br><br>Pots restringir, bloquejar o esborrar les cookies de https:\/\/www.signum.cato qualsevol altra p\u00e0gina<br>web utilitzant el teu navegador. En cada navegador l&#8217;operativa \u00e9s diferent, pots trobar com fer-ho en<br>el men\u00fa d&#8217;ajuda del teu navegador on s&#8217;estableix el procediment per a la seva eliminaci\u00f3. Per a m\u00e9s<br>informaci\u00f3:<br><br>\u2022 Google Chrome:<br><a href=\"https:\/\/support.google.com\/chrome\/answer\/95647?co=GENIE.Platform%3DDesktop&amp;hl=es\" target=\"_blank\" rel=\"noreferrer noopener nofollow\">https:\/\/support.google.com\/chrome\/<\/a><br><br>\u2022 Mozilla Firefox:<br><a href=\"https:\/\/support.moz illa.org\/es\/kb\/habilitar- y- deshabilitar- cookies- sitios- web- rastrear-\npreferencias\" rel=\"noreferrer noopener nofollow\" target=\"_blank\">https:\/\/support.moz illa.org\/es<\/a><\/p>\n\n\n\n<p>\u2022 Safari:<br><a href=\"https:\/\/support.apple.com\/es- es\/guide\/safari\/sfri11471\/mac\" target=\"_blank\" rel=\"noreferrer noopener nofollow\">https:\/\/support.apple.com\/es- es\/<\/a><br><br>\u2022 Internet Explorer:<br><a href=\"https:\/\/support.microsoft.com\/es- es\/help\/278835\/how- to- delete- cookie- files- in-\ninternet- explorer\" target=\"_blank\" rel=\"noreferrer noopener nofollow\">https:\/\/support.microsoft.com\/es- es\/<\/a><\/p>\n\n\n\n<p>\u00c9s possible que en deshabilitar les cookies la p\u00e0gina web no funcioni correctament o no puguis accedir a determinades funcions d&#8217;aquesta.<br>Cookies utilitzades en aquesta p\u00e0gina web En aquesta p\u00e0gina web s&#8217;utilitzen diferents tipus de cookies amb diferents finalitats, a continuaci\u00f3, s&#8217;enumeren les cookies emprades:<br><br><strong>\u2022 Rendiment i an\u00e0lisi web<\/strong><br><br>Serveis tractats per nosaltres o per tercers, ens permeten quantificar el nombre d&#8217;usuaris i aix\u00ed realitzar el mesurament i an\u00e0lisi estad\u00edstica de la utilitzaci\u00f3 que fan els usuaris del servei ofert. Per a aix\u00f2 s&#8217;analitza la seva navegaci\u00f3 en la nostra p\u00e0gina web amb la finalitat de millorar l&#8217;oferta de productes o serveis que li oferim.<br><br>Llistat complet de les cookies d&#8217;aquest tipus:<\/p>\n\n\n\n<figure class=\"wp-block-table is-style-stripes\"><table><thead><tr><th>Nom<\/th><th>Prove\u00efdor<\/th><th>Prop\u00f2sit<\/th><th>Caducitat<\/th><\/tr><\/thead><tbody><tr><td>_ga<\/td><td>Google<br>Analytics<\/td><td>Registra una identificaci\u00f3 \u00fanica que s&#8217;utilitza per a generar dades estad\u00edstiques sobre com utilitza el visitant el lloc web.<\/td><td>2 anys<\/td><\/tr><tr><td>_gid<\/td><td>Google<br>Analytics<\/td><td>Registra una identificaci\u00f3 \u00fanica que s&#8217;utilitza per a generar dades estad\u00edstiques sobre com utilitza el visitant el lloc web.<\/td><td>1 dia<\/td><\/tr><tr><td>_gat<\/td><td>Google<br>Analytics<\/td><td>Utilitzat per a controlar la taxa de peticions<\/td><td>1 dia<\/td><\/tr><tr><td>customer_origin<\/td><td>&#8211;<\/td><td>Utilitzada per a poder determinar l&#8217;origen de l&#8217;usuari per a estad\u00edstiques internes<\/td><td>Sessi\u00f3<\/td><\/tr><tr><td>customer_origin_date<\/td><td>&#8211;<\/td><td>Punt complementari a l\u2019 anterior<\/td><td>Sessi\u00f3<\/td><\/tr><tr><td>customer_origin_promotion<\/td><td>&#8211;<\/td><td>Punt complementari a l\u2019 anterior<\/td><td>Sessi\u00f3<\/td><\/tr><\/tbody><\/table><\/figure>\n\n\n\n<p><\/p>\n\n\n\n<p><strong>\u2022 Necess\u00e0ries i essencials<\/strong><br><br>Les dades recopilades en aquestes cookies i similars s\u00f3n necessaris per a poder navegar pel lloc web i proporcionar les funcions b\u00e0siques com realitzar el proc\u00e9s de compra, l&#8217;acc\u00e9s a \u00e0rees privades i segures del lloc, etc. Aquestes cookies sempre estaran activades.<br><br>Llistat complet de les cookies d&#8217;aquest tipus:<\/p>\n\n\n\n<figure class=\"wp-block-table is-style-stripes\"><table><thead><tr><th>Nom<\/th><th>Prove\u00efdor<\/th><th>Prop\u00f2sit<\/th><th>Caducitat<\/th><\/tr><\/thead><tbody><tr><td>ot4u<\/td><td>&#8211;<\/td><td>Utilitzada per a garantir la seguretat de l&#8217;usuari<\/td><td>Sessi\u00f3<\/td><\/tr><tr><td>ot_cookies_config<\/td><td>&#8211;<\/td><td>Utilitzada per a guardar la configuraci\u00f3 de les cookies de l&#8217;usuari<\/td><td>Permanent<\/td><\/tr><tr><td>sessionid<\/td><td>&#8211;<\/td><td>Utilitzada per a garantir la seguretat de l&#8217;usuari<\/td><td>1 any<\/td><\/tr><tr><td>csrftoken<\/td><td>&#8211;<\/td><td>Utilitzada per a garantir la seguretat de l&#8217;usuari<\/td><td>1 any<\/td><\/tr><\/tbody><\/table><\/figure>\n\n\n\n<p><\/p>\n\n\n\n<p><strong>Modificaci\u00f3 de les condicions<\/strong><br><br>Signum 2008 SL es reserva expressament el dret a modificar unilateralment, totalment o parcialment, sense necessitat de previ av\u00eds, la present Pol\u00edtica de Cookies. L&#8217;usuari reconeix i<br>accepta que \u00e9s la seva responsabilitat revisar la present Pol\u00edtica de Cookies.<\/p>\n\n\n\n<p><\/p>\n\n\n\n<p> <\/p>\n","protected":false},"excerpt":{"rendered":"<p>Pol\u00edtica de cookies En compliment amb el deure d&#8217;informaci\u00f3 recollit en l&#8217;apartat 2n de l&#8217;article 22 de la Llei 34\/2002, d&#8217;11 de Juliol, de Serveis de la Societat de la Informaci\u00f3 i del Comer\u00e7 Electr\u00f2nic, la present pol\u00edtica de cookies t\u00e9 per finalitat informar-te de manera clara i precisa sobre les cookies que s&#8217;utilitzen en&#8230;<\/p>\n","protected":false},"author":2,"featured_media":0,"parent":0,"menu_order":0,"comment_status":"closed","ping_status":"closed","template":"","meta":{"_kad_post_transparent":"default","_kad_post_title":"default","_kad_post_layout":"default","_kad_post_sidebar_id":"","_kad_post_content_style":"default","_kad_post_vertical_padding":"default","_kad_post_feature":"","_kad_post_feature_position":"","_kad_post_header":false,"_kad_post_footer":false,"footnotes":"","_joinchat":[]},"yoast_head":"<!-- This site is optimized with the Yoast SEO plugin v21.7 - https:\/\/yoast.com\/wordpress\/plugins\/seo\/ -->\n<title>Cookies - SIGNUM<\/title>\n<meta name=\"robots\" content=\"noindex, nofollow\" \/>\n<meta property=\"og:locale\" content=\"ca_ES\" \/>\n<meta property=\"og:type\" content=\"article\" \/>\n<meta property=\"og:title\" content=\"Cookies - SIGNUM\" \/>\n<meta property=\"og:description\" content=\"Pol\u00edtica de cookies En compliment amb el deure d&#8217;informaci\u00f3 recollit en l&#8217;apartat 2n de l&#8217;article 22 de la Llei 34\/2002, d&#8217;11 de Juliol, de Serveis de la Societat de la Informaci\u00f3 i del Comer\u00e7 Electr\u00f2nic, la present pol\u00edtica de cookies t\u00e9 per finalitat informar-te de manera clara i precisa sobre les cookies que s&#8217;utilitzen en...\" \/>\n<meta property=\"og:url\" content=\"https:\/\/www.signum.cat\/ca\/cookies\/\" \/>\n<meta property=\"og:site_name\" content=\"SIGNUM\" \/>\n<meta property=\"article:modified_time\" content=\"2021-01-25T12:44:13+00:00\" \/>\n<meta name=\"twitter:card\" content=\"summary_large_image\" \/>\n<meta name=\"twitter:label1\" content=\"Est. reading time\" \/>\n\t<meta name=\"twitter:data1\" content=\"4 minutes\" \/>\n<script type=\"application\/ld+json\" class=\"yoast-schema-graph\">{\"@context\":\"https:\/\/schema.org\",\"@graph\":[{\"@type\":\"WebPage\",\"@id\":\"https:\/\/www.signum.cat\/ca\/cookies\/\",\"url\":\"https:\/\/www.signum.cat\/ca\/cookies\/\",\"name\":\"Cookies - SIGNUM\",\"isPartOf\":{\"@id\":\"https:\/\/www.signum.cat\/#website\"},\"datePublished\":\"2018-01-15T10:31:23+00:00\",\"dateModified\":\"2021-01-25T12:44:13+00:00\",\"breadcrumb\":{\"@id\":\"https:\/\/www.signum.cat\/ca\/cookies\/#breadcrumb\"},\"inLanguage\":\"ca-ES\",\"potentialAction\":[{\"@type\":\"ReadAction\",\"target\":[\"https:\/\/www.signum.cat\/ca\/cookies\/\"]}]},{\"@type\":\"BreadcrumbList\",\"@id\":\"https:\/\/www.signum.cat\/ca\/cookies\/#breadcrumb\",\"itemListElement\":[{\"@type\":\"ListItem\",\"position\":1,\"name\":\"Portada\",\"item\":\"https:\/\/www.signum.cat\/ca\/\"},{\"@type\":\"ListItem\",\"position\":2,\"name\":\"Cookies\"}]},{\"@type\":\"WebSite\",\"@id\":\"https:\/\/www.signum.cat\/#website\",\"url\":\"https:\/\/www.signum.cat\/\",\"name\":\"SIGNUM\",\"description\":\"Electricidad, dom\u00f3tica e inm\u00f3tica\",\"publisher\":{\"@id\":\"https:\/\/www.signum.cat\/#organization\"},\"potentialAction\":[{\"@type\":\"SearchAction\",\"target\":{\"@type\":\"EntryPoint\",\"urlTemplate\":\"https:\/\/www.signum.cat\/?s={search_term_string}\"},\"query-input\":\"required name=search_term_string\"}],\"inLanguage\":\"ca-ES\"},{\"@type\":\"Organization\",\"@id\":\"https:\/\/www.signum.cat\/#organization\",\"name\":\"SIGNUM\",\"url\":\"https:\/\/www.signum.cat\/\",\"logo\":{\"@type\":\"ImageObject\",\"inLanguage\":\"ca-ES\",\"@id\":\"https:\/\/www.signum.cat\/#\/schema\/logo\/image\/\",\"url\":\"https:\/\/www.signum.cat\/wp-content\/uploads\/2021\/02\/Logo-SIGNUM-Favicon-1.png\",\"contentUrl\":\"https:\/\/www.signum.cat\/wp-content\/uploads\/2021\/02\/Logo-SIGNUM-Favicon-1.png\",\"width\":80,\"height\":73,\"caption\":\"SIGNUM\"},\"image\":{\"@id\":\"https:\/\/www.signum.cat\/#\/schema\/logo\/image\/\"}}]}<\/script>\n<!-- \/ Yoast SEO plugin. -->","yoast_head_json":{"title":"Cookies - SIGNUM","robots":{"index":"noindex","follow":"nofollow"},"og_locale":"ca_ES","og_type":"article","og_title":"Cookies - SIGNUM","og_description":"Pol\u00edtica de cookies En compliment amb el deure d&#8217;informaci\u00f3 recollit en l&#8217;apartat 2n de l&#8217;article 22 de la Llei 34\/2002, d&#8217;11 de Juliol, de Serveis de la Societat de la Informaci\u00f3 i del Comer\u00e7 Electr\u00f2nic, la present pol\u00edtica de cookies t\u00e9 per finalitat informar-te de manera clara i precisa sobre les cookies que s&#8217;utilitzen en...","og_url":"https:\/\/www.signum.cat\/ca\/cookies\/","og_site_name":"SIGNUM","article_modified_time":"2021-01-25T12:44:13+00:00","twitter_card":"summary_large_image","twitter_misc":{"Est. reading time":"4 minutes"},"schema":{"@context":"https:\/\/schema.org","@graph":[{"@type":"WebPage","@id":"https:\/\/www.signum.cat\/ca\/cookies\/","url":"https:\/\/www.signum.cat\/ca\/cookies\/","name":"Cookies - SIGNUM","isPartOf":{"@id":"https:\/\/www.signum.cat\/#website"},"datePublished":"2018-01-15T10:31:23+00:00","dateModified":"2021-01-25T12:44:13+00:00","breadcrumb":{"@id":"https:\/\/www.signum.cat\/ca\/cookies\/#breadcrumb"},"inLanguage":"ca-ES","potentialAction":[{"@type":"ReadAction","target":["https:\/\/www.signum.cat\/ca\/cookies\/"]}]},{"@type":"BreadcrumbList","@id":"https:\/\/www.signum.cat\/ca\/cookies\/#breadcrumb","itemListElement":[{"@type":"ListItem","position":1,"name":"Portada","item":"https:\/\/www.signum.cat\/ca\/"},{"@type":"ListItem","position":2,"name":"Cookies"}]},{"@type":"WebSite","@id":"https:\/\/www.signum.cat\/#website","url":"https:\/\/www.signum.cat\/","name":"SIGNUM","description":"Electricidad, dom\u00f3tica e inm\u00f3tica","publisher":{"@id":"https:\/\/www.signum.cat\/#organization"},"potentialAction":[{"@type":"SearchAction","target":{"@type":"EntryPoint","urlTemplate":"https:\/\/www.signum.cat\/?s={search_term_string}"},"query-input":"required name=search_term_string"}],"inLanguage":"ca-ES"},{"@type":"Organization","@id":"https:\/\/www.signum.cat\/#organization","name":"SIGNUM","url":"https:\/\/www.signum.cat\/","logo":{"@type":"ImageObject","inLanguage":"ca-ES","@id":"https:\/\/www.signum.cat\/#\/schema\/logo\/image\/","url":"https:\/\/www.signum.cat\/wp-content\/uploads\/2021\/02\/Logo-SIGNUM-Favicon-1.png","contentUrl":"https:\/\/www.signum.cat\/wp-content\/uploads\/2021\/02\/Logo-SIGNUM-Favicon-1.png","width":80,"height":73,"caption":"SIGNUM"},"image":{"@id":"https:\/\/www.signum.cat\/#\/schema\/logo\/image\/"}}]}},"_links":{"self":[{"href":"https:\/\/www.signum.cat\/ca\/wp-json\/wp\/v2\/pages\/809"}],"collection":[{"href":"https:\/\/www.signum.cat\/ca\/wp-json\/wp\/v2\/pages"}],"about":[{"href":"https:\/\/www.signum.cat\/ca\/wp-json\/wp\/v2\/types\/page"}],"author":[{"embeddable":true,"href":"https:\/\/www.signum.cat\/ca\/wp-json\/wp\/v2\/users\/2"}],"replies":[{"embeddable":true,"href":"https:\/\/www.signum.cat\/ca\/wp-json\/wp\/v2\/comments?post=809"}],"version-history":[{"count":16,"href":"https:\/\/www.signum.cat\/ca\/wp-json\/wp\/v2\/pages\/809\/revisions"}],"predecessor-version":[{"id":1516,"href":"https:\/\/www.signum.cat\/ca\/wp-json\/wp\/v2\/pages\/809\/revisions\/1516"}],"wp:attachment":[{"href":"https:\/\/www.signum.cat\/ca\/wp-json\/wp\/v2\/media?parent=809"}],"curies":[{"name":"wp","href":"https:\/\/api.w.org\/{rel}","templated":true}]}}