{"id":96,"date":"2017-11-11T12:52:18","date_gmt":"2017-11-11T12:52:18","guid":{"rendered":"https:\/\/www.signum.cat?page_id=96"},"modified":"2021-04-15T13:04:08","modified_gmt":"2021-04-15T11:04:08","slug":"instal%c2%b7lacions-electriques","status":"publish","type":"page","link":"https:\/\/www.signum.cat\/ca\/instal%c2%b7lacions-electriques\/","title":{"rendered":"Instal\u00b7lacions el\u00e8ctriques"},"content":{"rendered":"<section class=\"wpb-content-wrapper\"><p>[vc_row full_width=&#8221;stretch_row_content&#8221; parallax=&#8221;content-moving&#8221; parallax_speed_bg=&#8221;4.5&#8243; css=&#8221;.vc_custom_1618484674804{padding-top: 130px !important;padding-bottom: 100px !important;background-image: url(https:\/\/www.signum.cat\/wp-content\/uploads\/2021\/04\/Instalaciones-Electricas-en-Barcelona-SIGNUM-scaled.jpg?id=1825) !important;}&#8221;][vc_column 0=&#8221;&#8221;][vc_custom_heading text=&#8221;Instal\u00b7lacions El\u00e8ctriques&#8221; font_container=&#8221;tag:h1|font_size:40|text_align:center|color:%23f2d100&#8243; use_theme_fonts=&#8221;yes&#8221; css_animation=&#8221;fadeInUp&#8221;][\/vc_column][\/vc_row][vc_row css=&#8221;.vc_custom_1513610162218{margin-top: 80px !important;margin-bottom: 80px !important;}&#8221;][vc_column 0=&#8221;&#8221;][vc_row_inner 0=&#8221;&#8221;][vc_column_inner 0=&#8221;&#8221;][vc_column_text css=&#8221;.vc_custom_1618482863225{margin-right: 60px !important;margin-left: 60px !important;}&#8221;]<\/p>\n<h2 style=\"text-align: center;\">SIGNUM: empresa especialitzada en instal\u00b7lacions el\u00e8ctriques<\/h2>\n<p style=\"text-align: center;\">En les instal\u00b7lacions el\u00e8ctriques no sols \u00e9s necessari que funcionin durant el proc\u00e9s d&#8217;instal\u00b7laci\u00f3, sin\u00f3 que a m\u00e9s cal mantenir-les i adaptar-les a la normativa vigent.<\/p>\n<p style=\"text-align: center;\">La falta d&#8217;adaptaci\u00f3 als reglaments esmentats suposa assumir el risc de produir-se contratemps en les pr\u00f2pies instal\u00b7lacions.<\/p>\n<p style=\"text-align: center;\"><strong>Signum<\/strong> \u00e9s una empresa autoritzada en categoria especialista, inscrita en el <a href=\"https:\/\/www.gremibcn.cat\/ca\/\"><strong>Gremi d&#8217;Instal\u00b7ladors de Barcelona<\/strong><\/a> i conformada per personal amb \u00e0mplia experi\u00e8ncia en:<\/p>\n<p>[\/vc_column_text][\/vc_column_inner][\/vc_row_inner][\/vc_column][\/vc_row][vc_section full_width=&#8221;stretch_row_content&#8221; content_placement=&#8221;middle&#8221; parallax=&#8221;content-moving&#8221; parallax_image=&#8221;19&#8243; parallax_speed_bg=&#8221;2.5&#8243; css=&#8221;.vc_custom_1514572854862{padding-top: 80px !important;padding-bottom: 80px !important;}&#8221;][vc_row gap=&#8221;35&#8243; equal_height=&#8221;yes&#8221; css=&#8221;.vc_custom_1513860568223{margin-right: 40px !important;margin-left: 40px !important;}&#8221;][vc_column css_animation=&#8221;flipInX&#8221; width=&#8221;1\/3&#8243; css=&#8221;.vc_custom_1513611131882{background-color: #f2d100 !important;border-radius: 35px !important;}&#8221;][vc_column_text css_animation=&#8221;flipInX&#8221;]<\/p>\n<h4 style=\"text-align: center;\"><span style=\"color: #ff6600;\">\u2713 <\/span><span lang=\"ca-ES\" style=\"color: #ffffff;\">Instal\u00b7lacions d&#8217;enlla\u00e7 a la XARXA<\/span><\/h4>\n<p>[\/vc_column_text][\/vc_column][vc_column css_animation=&#8221;flipInX&#8221; width=&#8221;1\/3&#8243; css=&#8221;.vc_custom_1513611164216{background-color: #f2d100 !important;border-radius: 35px !important;}&#8221;][vc_column_text css_animation=&#8221;none&#8221;]<\/p>\n<h4 style=\"text-align: center;\"><span style=\"color: #ffffff;\"><span style=\"color: #ff6600;\">\u2713<\/span>Quadres de protecci\u00f3 &#8211; Distribuci\u00f3 &#8211; Maniaobra<\/span><\/h4>\n<p>[\/vc_column_text][\/vc_column][vc_column css_animation=&#8221;flipInX&#8221; width=&#8221;1\/3&#8243; css=&#8221;.vc_custom_1513611188571{background-color: #f2d100 !important;border-radius: 35px !important;}&#8221;][vc_column_text css_animation=&#8221;flipInX&#8221;]<\/p>\n<h4 style=\"text-align: center;\"><span style=\"color: #94ba33;\"><span style=\"color: #ff6600;\">\u2713<\/span> <span style=\"color: #ffffff;\">Instal\u00b7lacions de posada a terra<\/span><\/span><\/h4>\n<p>[\/vc_column_text][\/vc_column][\/vc_row][vc_row gap=&#8221;35&#8243; equal_height=&#8221;yes&#8221; css=&#8221;.vc_custom_1513610754630{margin-right: 40px !important;margin-left: 40px !important;}&#8221;][vc_column css_animation=&#8221;flipInX&#8221; width=&#8221;1\/3&#8243; css=&#8221;.vc_custom_1513611131882{background-color: #f2d100 !important;border-radius: 35px !important;}&#8221;][vc_column_text css_animation=&#8221;flipInX&#8221;]<\/p>\n<h4 style=\"text-align: center;\"><span style=\"color: #ff6600;\">\u2713\u00a0<\/span><span lang=\"ca-ES\" style=\"color: #ffffff;\">Instal\u00b7lacions d\u2019edificis destinats a habitatges<\/span><\/h4>\n<p>[\/vc_column_text][\/vc_column][vc_column css_animation=&#8221;flipInX&#8221; width=&#8221;1\/3&#8243; css=&#8221;.vc_custom_1513611164216{background-color: #f2d100 !important;border-radius: 35px !important;}&#8221;][vc_column_text css_animation=&#8221;none&#8221;]<\/p>\n<h4 style=\"text-align: center;\"><span style=\"color: #ffffff;\"><span style=\"color: #ff6600;\">\u2713\u00a0<\/span><\/span><span lang=\"ca-ES\" style=\"color: #ffffff;\">Instal\u00b7lacions d&#8217;edificis terciaris i d&#8217;oficines<\/span><\/h4>\n<p>[\/vc_column_text][\/vc_column][vc_column css_animation=&#8221;flipInX&#8221; width=&#8221;1\/3&#8243; css=&#8221;.vc_custom_1513611188571{background-color: #f2d100 !important;border-radius: 35px !important;}&#8221;][vc_column_text css_animation=&#8221;flipInX&#8221;]<\/p>\n<h4 style=\"text-align: center;\"><span style=\"color: #94ba33;\"><span style=\"color: #ff6600;\">\u2713\u00a0<\/span> <span style=\"color: #ffffff;\">Instal\u00b7lacions d&#8217;edificis de concentraci\u00f3 d&#8217;ind\u00fastries<\/span><\/span><\/h4>\n<p>[\/vc_column_text][\/vc_column][\/vc_row][vc_row gap=&#8221;35&#8243; equal_height=&#8221;yes&#8221; css=&#8221;.vc_custom_1513860575963{margin-right: 40px !important;margin-left: 40px !important;}&#8221;][vc_column css_animation=&#8221;flipInX&#8221; width=&#8221;1\/3&#8243; css=&#8221;.vc_custom_1513611131882{background-color: #f2d100 !important;border-radius: 35px !important;}&#8221;][vc_column_text css_animation=&#8221;flipInX&#8221;]<\/p>\n<h4 style=\"text-align: center;\"><span style=\"color: #ffffff;\"><span style=\"color: #ff6600;\">\u2713\u00a0<span style=\"color: #ffffff;\">Instal\u00b7lacions de naus industrials<\/span><\/span><\/span><\/h4>\n<p>[\/vc_column_text][\/vc_column][vc_column css_animation=&#8221;flipInX&#8221; width=&#8221;1\/3&#8243; css=&#8221;.vc_custom_1513611164216{background-color: #f2d100 !important;border-radius: 35px !important;}&#8221;][vc_column_text css_animation=&#8221;none&#8221;]<\/p>\n<h4 style=\"text-align: center;\"><span style=\"color: #ffffff;\"><span style=\"color: #ff6600;\">\u2713 <span style=\"color: #ffffff;\">Instal\u00b7lacions de grans superf\u00edcies<\/span><\/span><\/span><\/h4>\n<p>[\/vc_column_text][\/vc_column][vc_column css_animation=&#8221;flipInX&#8221; width=&#8221;1\/3&#8243; css=&#8221;.vc_custom_1513611188571{background-color: #f2d100 !important;border-radius: 35px !important;}&#8221;][vc_column_text css_animation=&#8221;flipInX&#8221;]<\/p>\n<h4 style=\"text-align: center;\"><span style=\"color: #94ba33;\"><span style=\"color: #ff6600;\">\u2713<\/span> <span style=\"color: #ffffff;\">Instal\u00b7lacions per a laboratoris<\/span><\/span><\/h4>\n<p>[\/vc_column_text][\/vc_column][\/vc_row][vc_row gap=&#8221;35&#8243; equal_height=&#8221;yes&#8221; css=&#8221;.vc_custom_1513610754630{margin-right: 40px !important;margin-left: 40px !important;}&#8221;][vc_column css_animation=&#8221;flipInX&#8221; width=&#8221;1\/3&#8243; css=&#8221;.vc_custom_1513611131882{background-color: #f2d100 !important;border-radius: 35px !important;}&#8221;][vc_column_text css_animation=&#8221;flipInX&#8221;]<\/p>\n<h4 style=\"text-align: center;\"><span style=\"color: #ffffff;\"><span style=\"color: #ff6600;\">\u2713 <span style=\"color: #ffffff;\">Instal\u00b7lacions generadores (grups electr\u00f2gens)<\/span><\/span><\/span><\/h4>\n<p>[\/vc_column_text][\/vc_column][vc_column css_animation=&#8221;flipInX&#8221; width=&#8221;1\/3&#8243; css=&#8221;.vc_custom_1513611164216{background-color: #f2d100 !important;border-radius: 35px !important;}&#8221;][vc_column_text css_animation=&#8221;none&#8221;]<\/p>\n<h4 style=\"text-align: center;\"><span style=\"color: #ffffff;\"><span style=\"color: #ff6600;\">\u2713 <span style=\"color: #ffffff;\">Sistemes d&#8217;alimentaci\u00f3 ininterrompuda (SAI)<\/span><\/span><\/span><\/h4>\n<p>[\/vc_column_text][\/vc_column][vc_column css_animation=&#8221;flipInX&#8221; width=&#8221;1\/3&#8243; css=&#8221;.vc_custom_1513611188571{background-color: #f2d100 !important;border-radius: 35px !important;}&#8221;][vc_column_text css_animation=&#8221;none&#8221;]<\/p>\n<h4 style=\"text-align: center;\"><span style=\"color: #ffffff;\"><span style=\"color: #ff6600;\">\u2713 <span style=\"color: #ffffff;\">Instal\u00b7lacions de rec\u00e0rrega de vehicles el\u00e8ctrics<\/span><\/span><\/span><\/h4>\n<p>[\/vc_column_text][\/vc_column][\/vc_row][\/vc_section][vc_row css=&#8221;.vc_custom_1514572735878{margin-top: 80px !important;margin-bottom: 40px !important;}&#8221;][vc_column][vc_column_text]<\/p>\n<p style=\"text-align: center;\">Proporcionem en tot moment solucions a les necessitats de cadascun dels clients i adaptem la nostra comesa a les caracter\u00edstiques i els objectius de tot tipus d&#8217;empreses.<\/p>\n<p style=\"text-align: center;\">Comptem amb les m\u00e9s recents implementacions tecnol\u00f2giques i emprem equips d&#8217;alta qualitat. Gr\u00e0cies a aix\u00f2 s&#8217;aconsegueix un treball r\u00e0pid i garantint un treball conforme a la regulaci\u00f3 vigent.<\/p>\n<p style=\"text-align: center;\">T&#8217;oferim un alt nivell d&#8217;acabat amb un comprom\u00eds per a aconseguir els objectius i expectatives dipositades dins del termini previst.<br \/>\nEn tot moment, el\u00a0<b>departament t\u00e8cnic<\/b> est\u00e0 en contacte amb la finalitat d&#8217;assessorar i garantir la millor soluci\u00f3.<\/p>\n<p style=\"text-align: center;\"><strong>Tots els treballs s&#8217;inicien amb un estudi previ, tant de c\u00e0lcul com de<\/strong> <strong>la<\/strong><strong>\u00a0n<\/strong><strong>ormativa i reglamentaci\u00f3<\/strong>.<\/p>\n<p>[\/vc_column_text][\/vc_column][\/vc_row][vc_row gap=&#8221;5&#8243; css=&#8221;.vc_custom_1516630631444{margin-top: 100px !important;margin-bottom: 60px !important;}&#8221;][vc_column 0=&#8221;&#8221; width=&#8221;1\/4&#8243;][vc_message message_box_style=&#8221;solid-icon&#8221; message_box_color=&#8221;warning&#8221;]La formaci\u00f3 continuada en noves tecnologies, ens permet aportar solucions innovadores i estar en constant evoluci\u00f3.[\/vc_message][\/vc_column][vc_column width=&#8221;3\/4&#8243; css=&#8221;.vc_custom_1516630520112{padding-right: 30px !important;padding-left: 30px !important;}&#8221;][vc_cta h2=&#8221;NECESSITES M\u00c9S INFORMACI\u00d3 SOBRE INSTAL\u00b7LACIONS EL\u00c8CTRIQUES?&#8221; txt_align=&#8221;center&#8221; style=&#8221;outline&#8221; color=&#8221;orange&#8221; add_button=&#8221;bottom&#8221; btn_title=&#8221;Vull m\u00e9s informaci\u00f3&#8221; btn_style=&#8221;flat&#8221; btn_color=&#8221;orange&#8221; btn_align=&#8221;center&#8221; add_icon=&#8221;top&#8221; i_icon_fontawesome=&#8221;far fa-lightbulb&#8221; i_color=&#8221;orange&#8221; i_background_style=&#8221;rounded-outline&#8221; i_background_color=&#8221;orange&#8221; i_size=&#8221;sm&#8221; i_css_animation=&#8221;flipInY&#8221; btn_link=&#8221;url:https%3A%2F%2Fwww.signum.cat%2Fcontacte%2F%23contacte|||&#8221;][\/vc_cta][\/vc_column][\/vc_row][vc_row full_width=&#8221;stretch_row_content_no_spaces&#8221; parallax=&#8221;content-moving&#8221; parallax_image=&#8221;720&#8243;][vc_column][vc_column_text]<\/p>\n<h2 style=\"text-align: center;\">Qu\u00e8 podem fer per a tu<\/h2>\n<p style=\"text-align: center;\">Posa&#8217;t en contacte amb nosaltres<\/p>\n<p>[\/vc_column_text][vc_btn title=&#8221;Contacte&#8221; style=&#8221;flat&#8221; color=&#8221;white&#8221; align=&#8221;center&#8221; link=&#8221;url:https%3A%2F%2Fwww.signum.cat%2Fca%2Fcontacta-amb-nososaltres%2F&#8221;][\/vc_column][\/vc_row]<\/p>\n<\/section>","protected":false},"excerpt":{"rendered":"<p>[vc_row full_width=&#8221;stretch_row_content&#8221; parallax=&#8221;content-moving&#8221; parallax_speed_bg=&#8221;4.5&#8243; css=&#8221;.vc_custom_1618484674804{padding-top: 130px !important;padding-bottom: 100px !important;background-image: url(https:\/\/www.signum.cat\/wp-content\/uploads\/2021\/04\/Instalaciones-Electricas-en-Barcelona-SIGNUM-scaled.jpg?id=1825) !important;}&#8221;][vc_column 0=&#8221;&#8221;][vc_custom_heading text=&#8221;Instal\u00b7lacions El\u00e8ctriques&#8221; font_container=&#8221;tag:h1|font_size:40|text_align:center|color:%23f2d100&#8243; use_theme_fonts=&#8221;yes&#8221; css_animation=&#8221;fadeInUp&#8221;][\/vc_column][\/vc_row][vc_row css=&#8221;.vc_custom_1513610162218{margin-top: 80px !important;margin-bottom: 80px !important;}&#8221;][vc_column 0=&#8221;&#8221;][vc_row_inner 0=&#8221;&#8221;][vc_column_inner 0=&#8221;&#8221;][vc_column_text css=&#8221;.vc_custom_1618482863225{margin-right: 60px !important;margin-left: 60px !important;}&#8221;] SIGNUM: empresa especialitzada en instal\u00b7lacions el\u00e8ctriques En les instal\u00b7lacions el\u00e8ctriques no sols \u00e9s necessari que funcionin durant el proc\u00e9s d&#8217;instal\u00b7laci\u00f3, sin\u00f3 que a m\u00e9s cal&#8230;<\/p>\n","protected":false},"author":2,"featured_media":60,"parent":0,"menu_order":0,"comment_status":"closed","ping_status":"closed","template":"","meta":{"_kad_post_transparent":"default","_kad_post_title":"default","_kad_post_layout":"default","_kad_post_sidebar_id":"","_kad_post_content_style":"default","_kad_post_vertical_padding":"default","_kad_post_feature":"","_kad_post_feature_position":"","_kad_post_header":false,"_kad_post_footer":false,"footnotes":"","_joinchat":[]},"yoast_head":"<!-- This site is optimized with the Yoast SEO plugin v21.7 - https:\/\/yoast.com\/wordpress\/plugins\/seo\/ -->\n<title>Instal\u00b7lacions El\u00e8ctriques: empresa especialitzada - SIGNUM<\/title>\n<meta name=\"description\" content=\"Professionals especialitzats en instal\u00b7lacions el\u00e8ctriques, amb alt nivell d&#039;acabat i comprom\u00eds per a aconseguir els objectius previstos.\" \/>\n<meta name=\"robots\" content=\"index, follow, max-snippet:-1, max-image-preview:large, max-video-preview:-1\" \/>\n<link rel=\"canonical\" href=\"https:\/\/www.signum.cat\/ca\/instal\u00b7lacions-electriques\/\" \/>\n<meta property=\"og:locale\" content=\"ca_ES\" \/>\n<meta property=\"og:type\" content=\"article\" \/>\n<meta property=\"og:title\" content=\"Instal\u00b7lacions El\u00e8ctriques: empresa especialitzada - SIGNUM\" \/>\n<meta property=\"og:description\" content=\"Professionals especialitzats en instal\u00b7lacions el\u00e8ctriques, amb alt nivell d&#039;acabat i comprom\u00eds per a aconseguir els objectius previstos.\" \/>\n<meta property=\"og:url\" content=\"https:\/\/www.signum.cat\/ca\/instal\u00b7lacions-electriques\/\" \/>\n<meta property=\"og:site_name\" content=\"SIGNUM\" \/>\n<meta property=\"article:modified_time\" content=\"2021-04-15T11:04:08+00:00\" \/>\n<meta property=\"og:image\" content=\"https:\/\/www.signum.cat\/wp-content\/uploads\/2017\/11\/servei-1-bis.jpg\" \/>\n\t<meta property=\"og:image:width\" content=\"200\" \/>\n\t<meta property=\"og:image:height\" content=\"200\" \/>\n\t<meta property=\"og:image:type\" content=\"image\/jpeg\" \/>\n<meta name=\"twitter:card\" content=\"summary_large_image\" \/>\n<meta name=\"twitter:label1\" content=\"Est. reading time\" \/>\n\t<meta name=\"twitter:data1\" content=\"3 minutes\" \/>\n<script type=\"application\/ld+json\" class=\"yoast-schema-graph\">{\"@context\":\"https:\/\/schema.org\",\"@graph\":[{\"@type\":\"WebPage\",\"@id\":\"https:\/\/www.signum.cat\/ca\/instal%c2%b7lacions-electriques\/\",\"url\":\"https:\/\/www.signum.cat\/ca\/instal%c2%b7lacions-electriques\/\",\"name\":\"Instal\u00b7lacions El\u00e8ctriques: empresa especialitzada - SIGNUM\",\"isPartOf\":{\"@id\":\"https:\/\/www.signum.cat\/#website\"},\"datePublished\":\"2017-11-11T12:52:18+00:00\",\"dateModified\":\"2021-04-15T11:04:08+00:00\",\"description\":\"Professionals especialitzats en instal\u00b7lacions el\u00e8ctriques, amb alt nivell d'acabat i comprom\u00eds per a aconseguir els objectius previstos.\",\"breadcrumb\":{\"@id\":\"https:\/\/www.signum.cat\/ca\/instal%c2%b7lacions-electriques\/#breadcrumb\"},\"inLanguage\":\"ca-ES\",\"potentialAction\":[{\"@type\":\"ReadAction\",\"target\":[\"https:\/\/www.signum.cat\/ca\/instal%c2%b7lacions-electriques\/\"]}]},{\"@type\":\"BreadcrumbList\",\"@id\":\"https:\/\/www.signum.cat\/ca\/instal%c2%b7lacions-electriques\/#breadcrumb\",\"itemListElement\":[{\"@type\":\"ListItem\",\"position\":1,\"name\":\"Portada\",\"item\":\"https:\/\/www.signum.cat\/ca\/\"},{\"@type\":\"ListItem\",\"position\":2,\"name\":\"Instal\u00b7lacions el\u00e8ctriques\"}]},{\"@type\":\"WebSite\",\"@id\":\"https:\/\/www.signum.cat\/#website\",\"url\":\"https:\/\/www.signum.cat\/\",\"name\":\"SIGNUM\",\"description\":\"Electricidad, dom\u00f3tica e inm\u00f3tica\",\"publisher\":{\"@id\":\"https:\/\/www.signum.cat\/#organization\"},\"potentialAction\":[{\"@type\":\"SearchAction\",\"target\":{\"@type\":\"EntryPoint\",\"urlTemplate\":\"https:\/\/www.signum.cat\/?s={search_term_string}\"},\"query-input\":\"required name=search_term_string\"}],\"inLanguage\":\"ca-ES\"},{\"@type\":\"Organization\",\"@id\":\"https:\/\/www.signum.cat\/#organization\",\"name\":\"SIGNUM\",\"url\":\"https:\/\/www.signum.cat\/\",\"logo\":{\"@type\":\"ImageObject\",\"inLanguage\":\"ca-ES\",\"@id\":\"https:\/\/www.signum.cat\/#\/schema\/logo\/image\/\",\"url\":\"https:\/\/www.signum.cat\/wp-content\/uploads\/2021\/02\/Logo-SIGNUM-Favicon-1.png\",\"contentUrl\":\"https:\/\/www.signum.cat\/wp-content\/uploads\/2021\/02\/Logo-SIGNUM-Favicon-1.png\",\"width\":80,\"height\":73,\"caption\":\"SIGNUM\"},\"image\":{\"@id\":\"https:\/\/www.signum.cat\/#\/schema\/logo\/image\/\"}}]}<\/script>\n<!-- \/ Yoast SEO plugin. -->","yoast_head_json":{"title":"Instal\u00b7lacions El\u00e8ctriques: empresa especialitzada - SIGNUM","description":"Professionals especialitzats en instal\u00b7lacions el\u00e8ctriques, amb alt nivell d'acabat i comprom\u00eds per a aconseguir els objectius previstos.","robots":{"index":"index","follow":"follow","max-snippet":"max-snippet:-1","max-image-preview":"max-image-preview:large","max-video-preview":"max-video-preview:-1"},"canonical":"https:\/\/www.signum.cat\/ca\/instal\u00b7lacions-electriques\/","og_locale":"ca_ES","og_type":"article","og_title":"Instal\u00b7lacions El\u00e8ctriques: empresa especialitzada - SIGNUM","og_description":"Professionals especialitzats en instal\u00b7lacions el\u00e8ctriques, amb alt nivell d'acabat i comprom\u00eds per a aconseguir els objectius previstos.","og_url":"https:\/\/www.signum.cat\/ca\/instal\u00b7lacions-electriques\/","og_site_name":"SIGNUM","article_modified_time":"2021-04-15T11:04:08+00:00","og_image":[{"width":200,"height":200,"url":"https:\/\/www.signum.cat\/wp-content\/uploads\/2017\/11\/servei-1-bis.jpg","type":"image\/jpeg"}],"twitter_card":"summary_large_image","twitter_misc":{"Est. reading time":"3 minutes"},"schema":{"@context":"https:\/\/schema.org","@graph":[{"@type":"WebPage","@id":"https:\/\/www.signum.cat\/ca\/instal%c2%b7lacions-electriques\/","url":"https:\/\/www.signum.cat\/ca\/instal%c2%b7lacions-electriques\/","name":"Instal\u00b7lacions El\u00e8ctriques: empresa especialitzada - SIGNUM","isPartOf":{"@id":"https:\/\/www.signum.cat\/#website"},"datePublished":"2017-11-11T12:52:18+00:00","dateModified":"2021-04-15T11:04:08+00:00","description":"Professionals especialitzats en instal\u00b7lacions el\u00e8ctriques, amb alt nivell d'acabat i comprom\u00eds per a aconseguir els objectius previstos.","breadcrumb":{"@id":"https:\/\/www.signum.cat\/ca\/instal%c2%b7lacions-electriques\/#breadcrumb"},"inLanguage":"ca-ES","potentialAction":[{"@type":"ReadAction","target":["https:\/\/www.signum.cat\/ca\/instal%c2%b7lacions-electriques\/"]}]},{"@type":"BreadcrumbList","@id":"https:\/\/www.signum.cat\/ca\/instal%c2%b7lacions-electriques\/#breadcrumb","itemListElement":[{"@type":"ListItem","position":1,"name":"Portada","item":"https:\/\/www.signum.cat\/ca\/"},{"@type":"ListItem","position":2,"name":"Instal\u00b7lacions el\u00e8ctriques"}]},{"@type":"WebSite","@id":"https:\/\/www.signum.cat\/#website","url":"https:\/\/www.signum.cat\/","name":"SIGNUM","description":"Electricidad, dom\u00f3tica e inm\u00f3tica","publisher":{"@id":"https:\/\/www.signum.cat\/#organization"},"potentialAction":[{"@type":"SearchAction","target":{"@type":"EntryPoint","urlTemplate":"https:\/\/www.signum.cat\/?s={search_term_string}"},"query-input":"required name=search_term_string"}],"inLanguage":"ca-ES"},{"@type":"Organization","@id":"https:\/\/www.signum.cat\/#organization","name":"SIGNUM","url":"https:\/\/www.signum.cat\/","logo":{"@type":"ImageObject","inLanguage":"ca-ES","@id":"https:\/\/www.signum.cat\/#\/schema\/logo\/image\/","url":"https:\/\/www.signum.cat\/wp-content\/uploads\/2021\/02\/Logo-SIGNUM-Favicon-1.png","contentUrl":"https:\/\/www.signum.cat\/wp-content\/uploads\/2021\/02\/Logo-SIGNUM-Favicon-1.png","width":80,"height":73,"caption":"SIGNUM"},"image":{"@id":"https:\/\/www.signum.cat\/#\/schema\/logo\/image\/"}}]}},"_links":{"self":[{"href":"https:\/\/www.signum.cat\/ca\/wp-json\/wp\/v2\/pages\/96"}],"collection":[{"href":"https:\/\/www.signum.cat\/ca\/wp-json\/wp\/v2\/pages"}],"about":[{"href":"https:\/\/www.signum.cat\/ca\/wp-json\/wp\/v2\/types\/page"}],"author":[{"embeddable":true,"href":"https:\/\/www.signum.cat\/ca\/wp-json\/wp\/v2\/users\/2"}],"replies":[{"embeddable":true,"href":"https:\/\/www.signum.cat\/ca\/wp-json\/wp\/v2\/comments?post=96"}],"version-history":[{"count":214,"href":"https:\/\/www.signum.cat\/ca\/wp-json\/wp\/v2\/pages\/96\/revisions"}],"predecessor-version":[{"id":1837,"href":"https:\/\/www.signum.cat\/ca\/wp-json\/wp\/v2\/pages\/96\/revisions\/1837"}],"wp:featuredmedia":[{"embeddable":true,"href":"https:\/\/www.signum.cat\/ca\/wp-json\/wp\/v2\/media\/60"}],"wp:attachment":[{"href":"https:\/\/www.signum.cat\/ca\/wp-json\/wp\/v2\/media?parent=96"}],"curies":[{"name":"wp","href":"https:\/\/api.w.org\/{rel}","templated":true}]}}